{"id":427,"date":"2025-12-06T12:43:19","date_gmt":"2025-12-06T11:43:19","guid":{"rendered":"https:\/\/myvisualstudio.hu\/?page_id=427"},"modified":"2026-03-23T18:16:41","modified_gmt":"2026-03-23T17:16:41","slug":"kek-napsugar","status":"publish","type":"page","link":"https:\/\/myvisualstudio.hu\/en\/kek-napsugar\/","title":{"rendered":"BLUE SUNBEAM"},"content":{"rendered":"<div data-elementor-type=\"wp-page\" data-elementor-id=\"427\" class=\"elementor elementor-427\">\n\t\t\t\t<div class=\"elementor-element elementor-element-4082ac81 e-flex e-con-boxed e-con e-parent\" data-id=\"4082ac81\" data-element_type=\"container\" data-settings=\"{&quot;background_background&quot;:&quot;classic&quot;}\">\n\t\t\t\t\t<div class=\"e-con-inner\">\n\t\t\t\t<div class=\"elementor-element elementor-element-1f668eea elementor-hidden-mobile elementor-widget elementor-widget-heading\" data-id=\"1f668eea\" data-element_type=\"widget\" data-widget_type=\"heading.default\">\n\t\t\t\t\t<h2 class=\"elementor-heading-title elementor-size-default\">BLUE SUNBEAM<\/h2>\t\t\t\t<\/div>\n\t\t\t\t\t<\/div>\n\t\t\t\t<\/div>\n\t\t<div class=\"elementor-element elementor-element-7397345d e-flex e-con-boxed e-con e-parent\" data-id=\"7397345d\" data-element_type=\"container\">\n\t\t\t\t\t<div class=\"e-con-inner\">\n\t\t<div class=\"elementor-element elementor-element-22e9c975 e-con-full e-flex e-con e-child\" data-id=\"22e9c975\" data-element_type=\"container\">\n\t\t<div class=\"elementor-element elementor-element-18e071a3 e-con-full e-flex e-con e-child\" data-id=\"18e071a3\" data-element_type=\"container\" data-settings=\"{&quot;background_background&quot;:&quot;classic&quot;}\">\n\t\t\t\t<div class=\"elementor-element elementor-element-4e0f2f9b elementor-hidden-desktop elementor-hidden-tablet elementor-hidden-mobile elementor-widget elementor-widget-elementskit-video\" data-id=\"4e0f2f9b\" data-element_type=\"widget\" data-widget_type=\"elementskit-video.default\">\n\t\t\t\t<div class=\"elementor-widget-container\">\n\t\t\t\t\t<div class=\"ekit-wid-con\" >\t\t<div class=\"video-content\" data-video-player=\"[]\" data-video-setting=\"{&quot;videoVolume&quot;:&quot;horizontal&quot;,&quot;startVolume&quot;:0.8,&quot;videoType&quot;:&quot;iframe&quot;,&quot;videoClass&quot;:&quot;mfp-fade&quot;,&quot;popupIcon&quot;:{&quot;value&quot;:&quot;icon icon-cancel&quot;,&quot;library&quot;:&quot;ekiticons&quot;},&quot;videoStyle&quot;:&quot;popup&quot;,&quot;videoTypeName&quot;:&quot;vimeo&quot;,&quot;autoplay&quot;:false,&quot;muted&quot;:false,&quot;loop&quot;:false}\">\n\t\t\t\n<a class=\"ekit_icon_button glow-ripple ekit-video-popup ekit-video-popup-btn\" href=\"?playlist=&amp;muted=0&amp;autoplay=0&amp;loop=no&amp;controls=0&amp;start=&amp;end=&amp;title=1&amp;portrait=1&amp;byline=1\" aria-label=\"video-popup\">\n\t\t\t\t<i aria-hidden=\"true\" class=\"icon icon-play-button\"><\/i>\t\t\n\t\t\t<\/a>\n\t\t\t\t\t<\/div>\n\t\t<\/div>\t\t\t\t<\/div>\n\t\t\t\t<\/div>\n\t\t\t\t<\/div>\n\t\t\t\t<div class=\"elementor-element elementor-element-5d84d94b elementor-widget elementor-widget-heading\" data-id=\"5d84d94b\" data-element_type=\"widget\" data-widget_type=\"heading.default\">\n\t\t\t\t\t<h3 class=\"elementor-heading-title elementor-size-default\">BLUE SUNBEAM (COMING SOON)<\/h3>\t\t\t\t<\/div>\n\t\t\t\t<div class=\"elementor-element elementor-element-4f32ff0d elementor-icon-list--layout-inline elementor-list-item-link-full_width elementor-widget elementor-widget-icon-list\" data-id=\"4f32ff0d\" data-element_type=\"widget\" data-widget_type=\"icon-list.default\">\n\t\t\t\t\t\t\t<ul class=\"elementor-icon-list-items elementor-inline-items\">\n\t\t\t\t\t\t\t<li class=\"elementor-icon-list-item elementor-inline-item\">\n\t\t\t\t\t\t\t\t\t\t\t<span class=\"elementor-icon-list-icon\">\n\t\t\t\t\t\t\t<svg aria-hidden=\"true\" class=\"e-font-icon-svg e-fas-camera\" viewbox=\"0 0 512 512\" xmlns=\"http:\/\/www.w3.org\/2000\/svg\"><path d=\"M512 144v288c0 26.5-21.5 48-48 48H48c-26.5 0-48-21.5-48-48V144c0-26.5 21.5-48 48-48h88l12.3-32.9c7-18.7 24.9-31.1 44.9-31.1h125.5c20 0 37.9 12.4 44.9 31.1L376 96h88c26.5 0 48 21.5 48 48zM376 288c0-66.2-53.8-120-120-120s-120 53.8-120 120 53.8 120 120 120 120-53.8 120-120zm-32 0c0 48.5-39.5 88-88 88s-88-39.5-88-88 39.5-88 88-88 88 39.5 88 88z\"><\/path><\/svg>\t\t\t\t\t\t<\/span>\n\t\t\t\t\t\t\t\t\t\t<span class=\"elementor-icon-list-text\">Documentary<\/span>\n\t\t\t\t\t\t\t\t\t<\/li>\n\t\t\t\t\t\t<\/ul>\n\t\t\t\t\t\t<\/div>\n\t\t\t\t<div class=\"elementor-element elementor-element-5bf1e443 elementor-widget elementor-widget-text-editor\" data-id=\"5bf1e443\" data-element_type=\"widget\" data-widget_type=\"text-editor.default\">\n\t\t\t\t\t\t\t\t\t<p>T\u00e1lia, a 6-year-old autistic girl, finally steps out of her familiar world when she meets the inclusive karate community led by special education teacher Attila Hal\u00e1sz, where differences are transformed into love. At the HEGYEM Love Camp, Andi, the Down-syndrome \"troubadour,\" opens the gate of friendship and belonging for her. This story, shining like a blue sunbeam, celebrates the acceptance of the soul, the miracle of belonging, and the power of unconditional love.<\/p>\t\t\t\t\t\t\t\t<\/div>\n\t\t\t\t<div class=\"elementor-element elementor-element-a600f8a elementor-widget elementor-widget-text-editor\" data-id=\"a600f8a\" data-element_type=\"widget\" data-widget_type=\"text-editor.default\">\n\t\t\t\t\t\t\t\t\t<p><strong>Producer<br \/><\/strong>R\u00f3bert Vidor H\u00e1mori, M\u00f3nika P\u00e9czeli, Gabriella N\u00e9meth, Uri-Kov\u00e1cs Alexandra, Fl\u00f3ri\u00e1n Fietje<\/p><p><strong>Director<br \/><\/strong>K\u00e1roly P\u00e1lfai<\/p><p><strong>Cast<br \/><\/strong>T\u00e1lia Lilla Husz\u00e1r, Attila Hal\u00e1sz Sensei, Attilia Gubacsi Sensei<\/p>\t\t\t\t\t\t\t\t<\/div>\n\t\t<div class=\"elementor-element elementor-element-dd6579 e-con-full elementor-hidden-desktop elementor-hidden-tablet elementor-hidden-mobile e-flex e-con e-child\" data-id=\"dd6579\" data-element_type=\"container\">\n\t\t\t\t<div class=\"elementor-element elementor-element-10047bec elementor-widget-mobile__width-initial elementor-widget__width-initial elementor-widget-tablet__width-initial elementor-icon-list--layout-traditional elementor-list-item-link-full_width elementor-widget elementor-widget-icon-list\" data-id=\"10047bec\" data-element_type=\"widget\" data-widget_type=\"icon-list.default\">\n\t\t\t\t\t\t\t<ul class=\"elementor-icon-list-items\">\n\t\t\t\t\t\t\t<li class=\"elementor-icon-list-item\">\n\t\t\t\t\t\t\t\t\t\t<span class=\"elementor-icon-list-text\">Producer<\/span>\n\t\t\t\t\t\t\t\t\t<\/li>\n\t\t\t\t\t\t\t\t<li class=\"elementor-icon-list-item\">\n\t\t\t\t\t\t\t\t\t\t<span class=\"elementor-icon-list-text\">Director<\/span>\n\t\t\t\t\t\t\t\t\t<\/li>\n\t\t\t\t\t\t\t\t<li class=\"elementor-icon-list-item\">\n\t\t\t\t\t\t\t\t\t\t<span class=\"elementor-icon-list-text\">Cast<\/span>\n\t\t\t\t\t\t\t\t\t<\/li>\n\t\t\t\t\t\t<\/ul>\n\t\t\t\t\t\t<\/div>\n\t\t\t\t<div class=\"elementor-element elementor-element-2a5ff34e elementor-widget-mobile__width-initial elementor-widget__width-initial elementor-widget-tablet__width-initial elementor-icon-list--layout-traditional elementor-list-item-link-full_width elementor-widget elementor-widget-icon-list\" data-id=\"2a5ff34e\" data-element_type=\"widget\" data-widget_type=\"icon-list.default\">\n\t\t\t\t\t\t\t<ul class=\"elementor-icon-list-items\">\n\t\t\t\t\t\t\t<li class=\"elementor-icon-list-item\">\n\t\t\t\t\t\t\t\t\t\t<span class=\"elementor-icon-list-text\">R\u00f3bert Vidor H\u00e1mori, M\u00f3nika P\u00e9czeli, Gabriella N\u00e9meth, Uri-Kov\u00e1cs Alexandra, Fl\u00f3ri\u00e1n Fietje<\/span>\n\t\t\t\t\t\t\t\t\t<\/li>\n\t\t\t\t\t\t\t\t<li class=\"elementor-icon-list-item\">\n\t\t\t\t\t\t\t\t\t\t<span class=\"elementor-icon-list-text\">K\u00e1roly P\u00e1lfai<\/span>\n\t\t\t\t\t\t\t\t\t<\/li>\n\t\t\t\t\t\t\t\t<li class=\"elementor-icon-list-item\">\n\t\t\t\t\t\t\t\t\t\t<span class=\"elementor-icon-list-text\">T\u00e1lia Lilla Husz\u00e1r, Attila Hal\u00e1sz Sensei, Attilia Gubacsi Sensei<\/span>\n\t\t\t\t\t\t\t\t\t<\/li>\n\t\t\t\t\t\t<\/ul>\n\t\t\t\t\t\t<\/div>\n\t\t\t\t<\/div>\n\t\t\t\t<\/div>\n\t\t<div class=\"elementor-element elementor-element-2c511836 e-con-full e-flex e-con e-child\" data-id=\"2c511836\" data-element_type=\"container\">\n\t\t<div class=\"elementor-element elementor-element-5f6c392b e-con-full e-flex e-con e-child\" data-id=\"5f6c392b\" data-element_type=\"container\">\n\t\t\t\t<div class=\"elementor-element elementor-element-3e55fe24 elementor-widget-tablet__width-initial elementor-widget elementor-widget-heading\" data-id=\"3e55fe24\" data-element_type=\"widget\" data-widget_type=\"heading.default\">\n\t\t\t\t\t<h4 class=\"elementor-heading-title elementor-size-default\">Poster<\/h4>\t\t\t\t<\/div>\n\t\t<div class=\"elementor-element elementor-element-649d6462 e-con-full e-flex e-con e-child\" data-id=\"649d6462\" data-element_type=\"container\">\n\t\t\t\t<div class=\"elementor-element elementor-element-10e28cbe elementor-widget elementor-widget-image\" data-id=\"10e28cbe\" data-element_type=\"widget\" data-widget_type=\"image.default\">\n\t\t\t\t\t\t\t\t\t\t\t\t\t\t\t\t<a href=\"http:\/\/myvisualstudio.hu\/wp-content\/uploads\/2026\/03\/KEK-NAPSUGAR_PLAKAT_KICSI-meret.png\" data-elementor-open-lightbox=\"yes\" data-elementor-lightbox-title=\"KEK NAPSUGAR_PLAKAT_KICSI meret\" data-e-action-hash=\"#elementor-action%3Aaction%3Dlightbox%26settings%3DeyJpZCI6MTk2MiwidXJsIjoiaHR0cHM6XC9cL215dmlzdWFsc3R1ZGlvLmh1XC93cC1jb250ZW50XC91cGxvYWRzXC8yMDI2XC8wM1wvS0VLLU5BUFNVR0FSX1BMQUtBVF9LSUNTSS1tZXJldC5wbmcifQ%3D%3D\">\n\t\t\t\t\t\t\t<img fetchpriority=\"high\" decoding=\"async\" width=\"720\" height=\"1018\" src=\"https:\/\/myvisualstudio.hu\/wp-content\/uploads\/2026\/03\/KEK-NAPSUGAR_PLAKAT_KICSI-meret.png\" class=\"attachment-large size-large wp-image-1962\" alt=\"KEK NAPSUGAR PLAKAT KICSI meret\" srcset=\"https:\/\/myvisualstudio.hu\/wp-content\/uploads\/2026\/03\/KEK-NAPSUGAR_PLAKAT_KICSI-meret.png 720w, https:\/\/myvisualstudio.hu\/wp-content\/uploads\/2026\/03\/KEK-NAPSUGAR_PLAKAT_KICSI-meret-212x300.png 212w, https:\/\/myvisualstudio.hu\/wp-content\/uploads\/2026\/03\/KEK-NAPSUGAR_PLAKAT_KICSI-meret-8x12.png 8w\" sizes=\"(max-width: 720px) 100vw, 720px\" \/>\t\t\t\t\t\t\t\t<\/a>\n\t\t\t\t\t\t\t\t\t\t\t\t\t\t\t<\/div>\n\t\t\t\t<\/div>\n\t\t<div class=\"elementor-element elementor-element-22c3075d e-con-full e-flex e-con e-child\" data-id=\"22c3075d\" data-element_type=\"container\">\n\t\t\t\t<div class=\"elementor-element elementor-element-633f7c38 elementor-widget elementor-widget-spacer\" data-id=\"633f7c38\" data-element_type=\"widget\" data-widget_type=\"spacer.default\">\n\t\t\t\t\t\t\t<div class=\"elementor-spacer\">\n\t\t\t<div class=\"elementor-spacer-inner\"><\/div>\n\t\t<\/div>\n\t\t\t\t\t\t<\/div>\n\t\t\t\t<div class=\"elementor-element elementor-element-170bdc6 elementor-widget-tablet__width-initial animated-slow elementor-invisible elementor-widget elementor-widget-heading\" data-id=\"170bdc6\" data-element_type=\"widget\" data-settings=\"{&quot;_animation&quot;:&quot;wobble&quot;}\" data-widget_type=\"heading.default\">\n\t\t\t\t\t<h4 class=\"elementor-heading-title elementor-size-default\">PLAY TRAILER<\/h4>\t\t\t\t<\/div>\n\t\t\t\t<div class=\"elementor-element elementor-element-d1366da elementor-widget elementor-widget-rtm_video_button\" data-id=\"d1366da\" data-element_type=\"widget\" data-no-translation=\"\" data-widget_type=\"rtm_video_button.default\">\n\t\t\t\t<div class=\"elementor-widget-container\">\n\t\t\t\t\t<style>.elementor-element-d1366da{display:none !important}<\/style>\t\t\t\t<\/div>\n\t\t\t\t<\/div>\n\t\t\t\t<div class=\"elementor-element elementor-element-dd01ee0 elementor-widget elementor-widget-rtm_video_button\" data-id=\"dd01ee0\" data-element_type=\"widget\" data-no-translation=\"\" data-widget_type=\"rtm_video_button.default\">\n\t\t\t\t<div class=\"elementor-widget-container\">\n\t\t\t\t\t        <div class=\"rkit-video-button-wrapper\">\r\n            <div class=\"rkit-video-button-container\">\r\n                <svg viewbox=\"0 0 100 100\" class=\"rkit-video-button\" width=\"100%\" height=\" 100%\">\r\n                    <defs>\r\n                        <path id=\"circlePath\" d=\"M50,50 m-35,0 a35,35 0 1,1 70,0 a35,35 0 1,1 -70,0\" \/>\r\n                    <\/defs>\r\n                    <text class=\"rkit-animated-text\">\r\n                    <\/text>\r\n                <\/svg>\r\n                <a class=\"rkit-animated-icon-container glightbox rkit-animation-shadowPulse\"\r\n                    style=\"--pulse-width:32px; --duration-pulse:1.5s;\"\r\n                    href=\"https:\/\/youtu.be\/yUyRDL4GQ1E\"\r\n                    id=\"video-button\"\r\n                    data-type=\"video\"\r\n                    data-autoplay=\"yes\"\r\n                    data-muted=\"no\"\r\n                    data-loop=\"no\"\r\n                    data-player-control=\"yes\">\r\n                    <svg aria-hidden=\"true\" class=\"rkit-vb-icon e-font-icon-svg e-fas-play\" viewbox=\"0 0 448 512\" xmlns=\"http:\/\/www.w3.org\/2000\/svg\"><path d=\"M424.4 214.7L72.4 6.6C43.8-10.3 0 6.1 0 47.9V464c0 37.5 40.7 60.1 72.4 41.3l352-208c31.4-18.5 31.5-64.1 0-82.6z\"><\/path><\/svg>                <\/a>\r\n            <\/div>\r\n        <\/div>\r\n\t\t\t\t<\/div>\n\t\t\t\t<\/div>\n\t\t\t\t<div class=\"elementor-element elementor-element-7a4a0888 elementor-widget elementor-widget-spacer\" data-id=\"7a4a0888\" data-element_type=\"widget\" data-widget_type=\"spacer.default\">\n\t\t\t\t\t\t\t<div class=\"elementor-spacer\">\n\t\t\t<div class=\"elementor-spacer-inner\"><\/div>\n\t\t<\/div>\n\t\t\t\t\t\t<\/div>\n\t\t\t\t<\/div>\n\t\t<div class=\"elementor-element elementor-element-14e88616 e-con-full e-flex e-con e-child\" data-id=\"14e88616\" data-element_type=\"container\">\n\t\t\t\t<div class=\"elementor-element elementor-element-35650cff elementor-align-center elementor-widget elementor-widget-button\" data-id=\"35650cff\" data-element_type=\"widget\" data-widget_type=\"button.default\">\n\t\t\t\t\t\t\t\t\t\t<a class=\"elementor-button elementor-button-link elementor-size-sm elementor-animation-pop\" href=\"https:\/\/www.imdb.com\/title\/tt38552395\">\n\t\t\t\t\t\t<span class=\"elementor-button-content-wrapper\">\n\t\t\t\t\t\t\t\t\t<span class=\"elementor-button-text\">IMDb<\/span>\n\t\t\t\t\t<\/span>\n\t\t\t\t\t<\/a>\n\t\t\t\t\t\t\t\t<\/div>\n\t\t\t\t<\/div>\n\t\t\t\t<\/div>\n\t\t\t\t<\/div>\n\t\t\t\t\t<\/div>\n\t\t\t\t<\/div>\n\t\t<div class=\"elementor-element elementor-element-02edfd5 e-flex e-con-boxed e-con e-parent\" data-id=\"02edfd5\" data-element_type=\"container\">\n\t\t\t\t\t<div class=\"e-con-inner\">\n\t\t\t\t<div class=\"elementor-element elementor-element-515d55e elementor-arrows-position-inside elementor-pagination-position-outside elementor-widget elementor-widget-image-carousel\" data-id=\"515d55e\" data-element_type=\"widget\" data-settings=\"{&quot;slides_to_show&quot;:&quot;3&quot;,&quot;slides_to_scroll&quot;:&quot;1&quot;,&quot;autoplay_speed&quot;:700,&quot;speed&quot;:2000,&quot;navigation&quot;:&quot;both&quot;,&quot;autoplay&quot;:&quot;yes&quot;,&quot;pause_on_hover&quot;:&quot;yes&quot;,&quot;pause_on_interaction&quot;:&quot;yes&quot;,&quot;infinite&quot;:&quot;yes&quot;}\" data-widget_type=\"image-carousel.default\">\n\t\t\t\t\t\t\t<div class=\"elementor-image-carousel-wrapper swiper\" role=\"region\" aria-roledescription=\"carousel\" aria-label=\"K\u00e9p k\u00f6rhinta\" dir=\"ltr\">\n\t\t\t<div class=\"elementor-image-carousel swiper-wrapper\" aria-live=\"off\">\n\t\t\t\t\t\t\t\t<div class=\"swiper-slide\" role=\"group\" aria-roledescription=\"slide\" aria-label=\"1 of 13\" data-no-translation-aria-label=\"\"><figure class=\"swiper-slide-inner\"><img decoding=\"async\" class=\"swiper-slide-image\" src=\"https:\/\/myvisualstudio.hu\/wp-content\/uploads\/2026\/01\/A045C0001_241124_004J47.00_02_44_15.Still027-768x405.png\" alt=\"A045C0001_241124_004J47.00_02_44_15.Still027\" \/><\/figure><\/div><div class=\"swiper-slide\" role=\"group\" aria-roledescription=\"slide\" aria-label=\"2 of 13\" data-no-translation-aria-label=\"\"><figure class=\"swiper-slide-inner\"><img decoding=\"async\" class=\"swiper-slide-image\" src=\"https:\/\/myvisualstudio.hu\/wp-content\/uploads\/2026\/01\/A045C0001_241124_004J47.00_04_56_08.Still032-768x405.png\" alt=\"A045C0001_241124_004J47.00_04_56_08.Still032\" \/><\/figure><\/div><div class=\"swiper-slide\" role=\"group\" aria-roledescription=\"slide\" aria-label=\"3 of 13\" data-no-translation-aria-label=\"\"><figure class=\"swiper-slide-inner\"><img decoding=\"async\" class=\"swiper-slide-image\" src=\"https:\/\/myvisualstudio.hu\/wp-content\/uploads\/2026\/01\/A045C0001_241124_004J47.00_09_28_06.Still039-768x405.png\" alt=\"A045C0001_241124_004J47.00_09_28_06.Still039\" \/><\/figure><\/div><div class=\"swiper-slide\" role=\"group\" aria-roledescription=\"slide\" aria-label=\"4 of 13\" data-no-translation-aria-label=\"\"><figure class=\"swiper-slide-inner\"><img decoding=\"async\" class=\"swiper-slide-image\" src=\"https:\/\/myvisualstudio.hu\/wp-content\/uploads\/2026\/01\/A045C0001_241124_004J47.00_13_18_21.Still042-768x405.png\" alt=\"A045C0001_241124_004J47.00_13_18_21.Still042\" \/><\/figure><\/div><div class=\"swiper-slide\" role=\"group\" aria-roledescription=\"slide\" aria-label=\"5 of 13\" data-no-translation-aria-label=\"\"><figure class=\"swiper-slide-inner\"><img decoding=\"async\" class=\"swiper-slide-image\" src=\"https:\/\/myvisualstudio.hu\/wp-content\/uploads\/2026\/01\/A045C0001_241124_004J47.00_18_40_20.Still047-768x405.png\" alt=\"A045C0001_241124_004J47.00_18_40_20.Still047\" \/><\/figure><\/div><div class=\"swiper-slide\" role=\"group\" aria-roledescription=\"slide\" aria-label=\"6 of 13\" data-no-translation-aria-label=\"\"><figure class=\"swiper-slide-inner\"><img decoding=\"async\" class=\"swiper-slide-image\" src=\"https:\/\/myvisualstudio.hu\/wp-content\/uploads\/2026\/01\/A045C0001_241124_004J47.00_25_51_21.Still058-768x405.png\" alt=\"A045C0001_241124_004J47.00_25_51_21.Still058\" \/><\/figure><\/div><div class=\"swiper-slide\" role=\"group\" aria-roledescription=\"slide\" aria-label=\"7 of 13\" data-no-translation-aria-label=\"\"><figure class=\"swiper-slide-inner\"><img decoding=\"async\" class=\"swiper-slide-image\" src=\"https:\/\/myvisualstudio.hu\/wp-content\/uploads\/2026\/01\/A045C0001_241124_004J47.00_27_08_19.Still061-768x405.png\" alt=\"A045C0001_241124_004J47.00_27_08_19.Still061\" \/><\/figure><\/div><div class=\"swiper-slide\" role=\"group\" aria-roledescription=\"slide\" aria-label=\"8 of 13\" data-no-translation-aria-label=\"\"><figure class=\"swiper-slide-inner\"><img decoding=\"async\" class=\"swiper-slide-image\" src=\"https:\/\/myvisualstudio.hu\/wp-content\/uploads\/2026\/01\/A045C0001_241124_004J47.00_45_06_20.Still077-768x405.png\" alt=\"A045C0001_241124_004J47.00_45_06_20.Still077\" \/><\/figure><\/div><div class=\"swiper-slide\" role=\"group\" aria-roledescription=\"slide\" aria-label=\"9 of 13\" data-no-translation-aria-label=\"\"><figure class=\"swiper-slide-inner\"><img decoding=\"async\" class=\"swiper-slide-image\" src=\"https:\/\/myvisualstudio.hu\/wp-content\/uploads\/2026\/01\/A045C0001_241124_004J47.00_47_00_22.Still080-768x405.png\" alt=\"A045C0001_241124_004J47.00_47_00_22.Still080\" \/><\/figure><\/div><div class=\"swiper-slide\" role=\"group\" aria-roledescription=\"slide\" aria-label=\"10 of 13\" data-no-translation-aria-label=\"\"><figure class=\"swiper-slide-inner\"><img decoding=\"async\" class=\"swiper-slide-image\" src=\"https:\/\/myvisualstudio.hu\/wp-content\/uploads\/2026\/01\/A045C0001_241124_004J47.00_48_50_07.Still087-768x405.png\" alt=\"A045C0001_241124_004J47.00_48_50_07.Still087\" \/><\/figure><\/div><div class=\"swiper-slide\" role=\"group\" aria-roledescription=\"slide\" aria-label=\"11 of 13\" data-no-translation-aria-label=\"\"><figure class=\"swiper-slide-inner\"><img decoding=\"async\" class=\"swiper-slide-image\" src=\"https:\/\/myvisualstudio.hu\/wp-content\/uploads\/2026\/01\/A045C0001_241124_004J47.00_51_47_11.Still090-768x405.png\" alt=\"A045C0001_241124_004J47.00_51_47_11.Still090\" \/><\/figure><\/div><div class=\"swiper-slide\" role=\"group\" aria-roledescription=\"slide\" aria-label=\"12 of 13\" data-no-translation-aria-label=\"\"><figure class=\"swiper-slide-inner\"><img decoding=\"async\" class=\"swiper-slide-image\" src=\"https:\/\/myvisualstudio.hu\/wp-content\/uploads\/2026\/01\/A045C0001_241124_004J47.00_52_01_05.Still091-768x405.png\" alt=\"A045C0001_241124_004J47.00_52_01_05.Still091\" \/><\/figure><\/div><div class=\"swiper-slide\" role=\"group\" aria-roledescription=\"slide\" aria-label=\"13 of 13\" data-no-translation-aria-label=\"\"><figure class=\"swiper-slide-inner\"><img decoding=\"async\" class=\"swiper-slide-image\" src=\"https:\/\/myvisualstudio.hu\/wp-content\/uploads\/2026\/01\/A045C0001_241124_004J47.00_59_15_22.Still097-768x405.png\" alt=\"A045C0001_241124_004J47.00_59_15_22.Still097\" \/><\/figure><\/div>\t\t\t<\/div>\n\t\t\t\t\t\t\t\t\t\t\t\t<div class=\"elementor-swiper-button elementor-swiper-button-prev\" role=\"button\" tabindex=\"0\">\n\t\t\t\t\t\t<svg aria-hidden=\"true\" class=\"e-font-icon-svg e-eicon-chevron-left\" viewbox=\"0 0 1000 1000\" xmlns=\"http:\/\/www.w3.org\/2000\/svg\"><path d=\"M646 125C629 125 613 133 604 142L308 442C296 454 292 471 292 487 292 504 296 521 308 533L604 854C617 867 629 875 646 875 663 875 679 871 692 858 704 846 713 829 713 812 713 796 708 779 692 767L438 487 692 225C700 217 708 204 708 187 708 171 704 154 692 142 675 129 663 125 646 125Z\"><\/path><\/svg>\t\t\t\t\t<\/div>\n\t\t\t\t\t<div class=\"elementor-swiper-button elementor-swiper-button-next\" role=\"button\" tabindex=\"0\">\n\t\t\t\t\t\t<svg aria-hidden=\"true\" class=\"e-font-icon-svg e-eicon-chevron-right\" viewbox=\"0 0 1000 1000\" xmlns=\"http:\/\/www.w3.org\/2000\/svg\"><path d=\"M696 533C708 521 713 504 713 487 713 471 708 454 696 446L400 146C388 133 375 125 354 125 338 125 325 129 313 142 300 154 292 171 292 187 292 204 296 221 308 233L563 492 304 771C292 783 288 800 288 817 288 833 296 850 308 863 321 871 338 875 354 875 371 875 388 867 400 854L696 533Z\"><\/path><\/svg>\t\t\t\t\t<\/div>\n\t\t\t\t\n\t\t\t\t\t\t\t\t\t<div class=\"swiper-pagination\"><\/div>\n\t\t\t\t\t\t\t\t\t<\/div>\n\t\t\t\t\t\t<\/div>\n\t\t\t\t\t<\/div>\n\t\t\t\t<\/div>\n\t\t\t\t<\/div>","protected":false},"excerpt":{"rendered":"<p>K\u00c9K NAPSUG\u00c1R K\u00c9K NAPSUG\u00c1R (hamarosan) Dokumentumfilm T\u00e1lia, a 6 \u00e9ves autista kisl\u00e1ny v\u00e9gre kil\u00e9p megszokott vil\u00e1g\u00e1b\u00f3l, amikor tal\u00e1lkozik Hal\u00e1sz Attila gy\u00f3gypedag\u00f3gus \u00e1ltal vezetett inkluz\u00edv karatek\u00f6z\u00f6ss\u00e9ggel, ahol a k\u00fcl\u00f6nb\u00f6z\u0151s\u00e9gek szeretett\u00e9 form\u00e1l\u00f3dnak. A HEGYEM Szeretet T\u00e1borban Andi, a Down-szindr\u00f3m\u00e1s \u201etrubad\u00far\u201d nyitja meg el\u0151tte a bar\u00e1ts\u00e1g \u00e9s \u00f6sszetartoz\u00e1s kapuj\u00e1t. A k\u00e9k napsug\u00e1rk\u00e9nt ragyog\u00f3 t\u00f6rt\u00e9net a l\u00e9lek elfogad\u00e1s\u00e1t, az [&hellip;]<\/p>","protected":false},"author":1,"featured_media":0,"parent":0,"menu_order":0,"comment_status":"closed","ping_status":"closed","template":"","meta":{"slim_seo":{"title":"K\u00c9K NAPSUG\u00c1R - MyVisual Studio","description":"K\u00c9K NAPSUG\u00c1R K\u00c9K NAPSUG\u00c1R (hamarosan) Dokumentumfilm T\u00e1lia, a 6 \u00e9ves autista kisl\u00e1ny v\u00e9gre kil\u00e9p megszokott vil\u00e1g\u00e1b\u00f3l, amikor tal\u00e1lkozik Hal\u00e1sz Attila gy\u00f3gypeda"},"footnotes":""},"class_list":["post-427","page","type-page","status-publish","hentry"],"_links":{"self":[{"href":"https:\/\/myvisualstudio.hu\/en\/wp-json\/wp\/v2\/pages\/427","targetHints":{"allow":["GET"]}}],"collection":[{"href":"https:\/\/myvisualstudio.hu\/en\/wp-json\/wp\/v2\/pages"}],"about":[{"href":"https:\/\/myvisualstudio.hu\/en\/wp-json\/wp\/v2\/types\/page"}],"author":[{"embeddable":true,"href":"https:\/\/myvisualstudio.hu\/en\/wp-json\/wp\/v2\/users\/1"}],"replies":[{"embeddable":true,"href":"https:\/\/myvisualstudio.hu\/en\/wp-json\/wp\/v2\/comments?post=427"}],"version-history":[{"count":82,"href":"https:\/\/myvisualstudio.hu\/en\/wp-json\/wp\/v2\/pages\/427\/revisions"}],"predecessor-version":[{"id":1972,"href":"https:\/\/myvisualstudio.hu\/en\/wp-json\/wp\/v2\/pages\/427\/revisions\/1972"}],"wp:attachment":[{"href":"https:\/\/myvisualstudio.hu\/en\/wp-json\/wp\/v2\/media?parent=427"}],"curies":[{"name":"wp","href":"https:\/\/api.w.org\/{rel}","templated":true}]}}