{"id":338,"date":"2025-12-05T19:04:18","date_gmt":"2025-12-05T18:04:18","guid":{"rendered":"https:\/\/myvisualstudio.hu\/?page_id=338"},"modified":"2026-01-10T13:15:16","modified_gmt":"2026-01-10T12:15:16","slug":"cipofuzo","status":"publish","type":"page","link":"https:\/\/myvisualstudio.hu\/en\/cipofuzo\/","title":{"rendered":"BOUND LEGS"},"content":{"rendered":"<div data-elementor-type=\"wp-page\" data-elementor-id=\"338\" class=\"elementor elementor-338\">\n\t\t\t\t<div class=\"elementor-element elementor-element-4e9be27 e-flex e-con-boxed e-con e-parent\" data-id=\"4e9be27\" data-element_type=\"container\" data-settings=\"{&quot;background_background&quot;:&quot;classic&quot;}\">\n\t\t\t\t\t<div class=\"e-con-inner\">\n\t\t\t\t<div class=\"elementor-element elementor-element-316bade5 elementor-hidden-mobile elementor-widget elementor-widget-heading\" data-id=\"316bade5\" data-element_type=\"widget\" data-widget_type=\"heading.default\">\n\t\t\t\t\t<h2 class=\"elementor-heading-title elementor-size-default\">BOUND LEGS<\/h2>\t\t\t\t<\/div>\n\t\t\t\t<div class=\"elementor-element elementor-element-40d2bf92 elementor-hidden-desktop elementor-hidden-tablet elementor-hidden-mobile elementor-widget elementor-widget-heading\" data-id=\"40d2bf92\" data-element_type=\"widget\" data-widget_type=\"heading.default\">\n\t\t\t\t\t<h4 class=\"elementor-heading-title elementor-size-default\">Asgard Academy (2019)<\/h4>\t\t\t\t<\/div>\n\t\t\t\t\t<\/div>\n\t\t\t\t<\/div>\n\t\t<div class=\"elementor-element elementor-element-6a2d8799 e-flex e-con-boxed e-con e-parent\" data-id=\"6a2d8799\" data-element_type=\"container\">\n\t\t\t\t\t<div class=\"e-con-inner\">\n\t\t<div class=\"elementor-element elementor-element-3c6fb405 e-con-full e-flex e-con e-child\" data-id=\"3c6fb405\" data-element_type=\"container\">\n\t\t<div class=\"elementor-element elementor-element-6f35041c e-con-full e-flex e-con e-child\" data-id=\"6f35041c\" data-element_type=\"container\" data-settings=\"{&quot;background_background&quot;:&quot;classic&quot;}\">\n\t\t\t\t<div class=\"elementor-element elementor-element-7b12c1a7 elementor-hidden-desktop elementor-hidden-tablet elementor-hidden-mobile elementor-widget elementor-widget-elementskit-video\" data-id=\"7b12c1a7\" data-element_type=\"widget\" data-widget_type=\"elementskit-video.default\">\n\t\t\t\t<div class=\"elementor-widget-container\">\n\t\t\t\t\t<div class=\"ekit-wid-con\" >\t\t<div class=\"video-content\" data-video-player=\"[]\" data-video-setting=\"{&quot;videoVolume&quot;:&quot;horizontal&quot;,&quot;startVolume&quot;:0.8,&quot;videoType&quot;:&quot;iframe&quot;,&quot;videoClass&quot;:&quot;mfp-fade&quot;,&quot;popupIcon&quot;:{&quot;value&quot;:&quot;icon icon-cancel&quot;,&quot;library&quot;:&quot;ekiticons&quot;},&quot;videoStyle&quot;:&quot;popup&quot;,&quot;videoTypeName&quot;:&quot;vimeo&quot;,&quot;autoplay&quot;:true,&quot;muted&quot;:false,&quot;loop&quot;:false}\">\n\t\t\t\n<a class=\"ekit_icon_button glow-ripple ekit-video-popup ekit-video-popup-btn\" href=\"https:\/\/player.vimeo.com\/video\/1121916190?playlist=1121916190&amp;muted=0&amp;autoplay=1&amp;loop=no&amp;controls=1&amp;start=&amp;end=&amp;title=1&amp;portrait=1&amp;byline=1\" aria-label=\"video-popup\">\n\t\t\t\t<i aria-hidden=\"true\" class=\"icon icon-play-button\"><\/i>\t\t\n\t\t\t<\/a>\n\t\t\t\t\t<\/div>\n\t\t<\/div>\t\t\t\t<\/div>\n\t\t\t\t<\/div>\n\t\t\t\t<div class=\"elementor-element elementor-element-ddb1e37 elementor-widget elementor-widget-rtm_video_button\" data-id=\"ddb1e37\" data-element_type=\"widget\" data-no-translation=\"\" data-widget_type=\"rtm_video_button.default\">\n\t\t\t\t<div class=\"elementor-widget-container\">\n\t\t\t\t\t<style>.elementor-element-ddb1e37{display:none !important}<\/style>\t\t\t\t<\/div>\n\t\t\t\t<\/div>\n\t\t\t\t<div class=\"elementor-element elementor-element-1959f73 elementor-widget elementor-widget-rtm_video_button\" data-id=\"1959f73\" data-element_type=\"widget\" data-no-translation=\"\" data-widget_type=\"rtm_video_button.default\">\n\t\t\t\t<div class=\"elementor-widget-container\">\n\t\t\t\t\t        <div class=\"rkit-video-button-wrapper\">\r\n            <div class=\"rkit-video-button-container\">\r\n                <svg viewbox=\"0 0 100 100\" class=\"rkit-video-button\" width=\"100%\" height=\" 100%\">\r\n                    <defs>\r\n                        <path id=\"circlePath\" d=\"M50,50 m-35,0 a35,35 0 1,1 70,0 a35,35 0 1,1 -70,0\" \/>\r\n                    <\/defs>\r\n                    <text class=\"rkit-animated-text\">\r\n                    <\/text>\r\n                <\/svg>\r\n                <a class=\"rkit-animated-icon-container glightbox rkit-animation-shadowPulse\"\r\n                    style=\"--pulse-width:32px; --duration-pulse:1.5s;\"\r\n                    href=\"https:\/\/vimeo.com\/1153138989?share=copy&#038;fl=sv&#038;fe=ci\"\r\n                    id=\"video-button\"\r\n                    data-type=\"video\"\r\n                    data-autoplay=\"yes\"\r\n                    data-muted=\"no\"\r\n                    data-loop=\"no\"\r\n                    data-player-control=\"yes\">\r\n                    <svg aria-hidden=\"true\" class=\"rkit-vb-icon e-font-icon-svg e-fas-play\" viewbox=\"0 0 448 512\" xmlns=\"http:\/\/www.w3.org\/2000\/svg\"><path d=\"M424.4 214.7L72.4 6.6C43.8-10.3 0 6.1 0 47.9V464c0 37.5 40.7 60.1 72.4 41.3l352-208c31.4-18.5 31.5-64.1 0-82.6z\"><\/path><\/svg>                <\/a>\r\n            <\/div>\r\n        <\/div>\r\n\t\t\t\t<\/div>\n\t\t\t\t<\/div>\n\t\t\t\t<div class=\"elementor-element elementor-element-6338d0d8 elementor-widget elementor-widget-button\" data-id=\"6338d0d8\" data-element_type=\"widget\" data-widget_type=\"button.default\">\n\t\t\t\t\t\t\t\t\t\t<a class=\"elementor-button elementor-button-link elementor-size-sm\" href=\"#\">\n\t\t\t\t\t\t<span class=\"elementor-button-content-wrapper\">\n\t\t\t\t\t\t\t\t\t<span class=\"elementor-button-text\">PLAY<\/span>\n\t\t\t\t\t<\/span>\n\t\t\t\t\t<\/a>\n\t\t\t\t\t\t\t\t<\/div>\n\t\t\t\t<\/div>\n\t\t\t\t<div class=\"elementor-element elementor-element-3f1a7186 elementor-widget elementor-widget-heading\" data-id=\"3f1a7186\" data-element_type=\"widget\" data-widget_type=\"heading.default\">\n\t\t\t\t\t<h3 class=\"elementor-heading-title elementor-size-default\">BOUND LEGS (2022)<\/h3>\t\t\t\t<\/div>\n\t\t\t\t<div class=\"elementor-element elementor-element-1aa0facb elementor-icon-list--layout-inline elementor-list-item-link-full_width elementor-widget elementor-widget-icon-list\" data-id=\"1aa0facb\" data-element_type=\"widget\" data-widget_type=\"icon-list.default\">\n\t\t\t\t\t\t\t<ul class=\"elementor-icon-list-items elementor-inline-items\">\n\t\t\t\t\t\t\t<li class=\"elementor-icon-list-item elementor-inline-item\">\n\t\t\t\t\t\t\t\t\t\t\t<span class=\"elementor-icon-list-icon\">\n\t\t\t\t\t\t\t<svg aria-hidden=\"true\" class=\"e-font-icon-svg e-fas-clock\" viewbox=\"0 0 512 512\" xmlns=\"http:\/\/www.w3.org\/2000\/svg\"><path d=\"M256,8C119,8,8,119,8,256S119,504,256,504,504,393,504,256,393,8,256,8Zm92.49,313h0l-20,25a16,16,0,0,1-22.49,2.5h0l-67-49.72a40,40,0,0,1-15-31.23V112a16,16,0,0,1,16-16h32a16,16,0,0,1,16,16V256l58,42.5A16,16,0,0,1,348.49,321Z\"><\/path><\/svg>\t\t\t\t\t\t<\/span>\n\t\t\t\t\t\t\t\t\t\t<span class=\"elementor-icon-list-text\">27 Min<\/span>\n\t\t\t\t\t\t\t\t\t<\/li>\n\t\t\t\t\t\t\t\t<li class=\"elementor-icon-list-item elementor-inline-item\">\n\t\t\t\t\t\t\t\t\t\t\t<span class=\"elementor-icon-list-icon\">\n\t\t\t\t\t\t\t<svg aria-hidden=\"true\" class=\"e-font-icon-svg e-fas-camera\" viewbox=\"0 0 512 512\" xmlns=\"http:\/\/www.w3.org\/2000\/svg\"><path d=\"M512 144v288c0 26.5-21.5 48-48 48H48c-26.5 0-48-21.5-48-48V144c0-26.5 21.5-48 48-48h88l12.3-32.9c7-18.7 24.9-31.1 44.9-31.1h125.5c20 0 37.9 12.4 44.9 31.1L376 96h88c26.5 0 48 21.5 48 48zM376 288c0-66.2-53.8-120-120-120s-120 53.8-120 120 53.8 120 120 120 120-53.8 120-120zm-32 0c0 48.5-39.5 88-88 88s-88-39.5-88-88 39.5-88 88-88 88 39.5 88 88z\"><\/path><\/svg>\t\t\t\t\t\t<\/span>\n\t\t\t\t\t\t\t\t\t\t<span class=\"elementor-icon-list-text\">Drama, short<\/span>\n\t\t\t\t\t\t\t\t\t<\/li>\n\t\t\t\t\t\t<\/ul>\n\t\t\t\t\t\t<\/div>\n\t\t\t\t<div class=\"elementor-element elementor-element-571be9d8 elementor-widget elementor-widget-text-editor\" data-id=\"571be9d8\" data-element_type=\"widget\" data-widget_type=\"text-editor.default\">\n\t\t\t\t\t\t\t\t\t<p class=\"p1\"><span class=\"s1\">On his 12th birthday, Andy realizes that he is completely helpless against his mother's suffocating and restrictive love. Due to his \"helicopter mother's\" constant supervision, the boy lives his daily life in total isolation and loneliness. His teammates regularly mock him because he is unable to even tie his own shoelaces. Raised in the illusion of love, by the age of 21, Andy rebels against the world and his own mother as a frustrated, unmotivated man.<\/span><\/p>\t\t\t\t\t\t\t\t<\/div>\n\t\t\t\t<div class=\"elementor-element elementor-element-940733f elementor-widget elementor-widget-text-editor\" data-id=\"940733f\" data-element_type=\"widget\" data-widget_type=\"text-editor.default\">\n\t\t\t\t\t\t\t\t\t<p><strong>Producer<br \/><\/strong>Gabriella N\u00e9meth, Alexandra Uri-Kov\u00e1cs<\/p><p><strong>Writer and Director<br \/><\/strong>K\u00e1roly P\u00e1lfai<\/p><p><strong>Cast<br \/><\/strong>Melinda Pitz, D\u00e1vid Stromajer, Dominik Biro<\/p>\t\t\t\t\t\t\t\t<\/div>\n\t\t\t\t<\/div>\n\t\t<div class=\"elementor-element elementor-element-348cc257 e-con-full e-flex e-con e-child\" data-id=\"348cc257\" data-element_type=\"container\">\n\t\t<div class=\"elementor-element elementor-element-5195d8a9 e-con-full e-flex e-con e-child\" data-id=\"5195d8a9\" data-element_type=\"container\">\n\t\t\t\t<div class=\"elementor-element elementor-element-5df7ad6d elementor-widget-tablet__width-initial elementor-widget elementor-widget-heading\" data-id=\"5df7ad6d\" data-element_type=\"widget\" data-widget_type=\"heading.default\">\n\t\t\t\t\t<h4 class=\"elementor-heading-title elementor-size-default\">Poster<\/h4>\t\t\t\t<\/div>\n\t\t<div class=\"elementor-element elementor-element-2758efd e-con-full e-flex e-con e-child\" data-id=\"2758efd\" data-element_type=\"container\">\n\t\t\t\t<div class=\"elementor-element elementor-element-4bafa4b elementor-widget elementor-widget-image\" data-id=\"4bafa4b\" data-element_type=\"widget\" data-widget_type=\"image.default\">\n\t\t\t\t\t\t\t\t\t\t\t\t\t\t\t\t<a href=\"http:\/\/myvisualstudio.hu\/wp-content\/uploads\/2025\/12\/CIPOFUZOplakatA3_hu.jpg\" data-elementor-open-lightbox=\"yes\" data-elementor-lightbox-title=\"CIPOFUZOplakatA3_hu\" data-e-action-hash=\"#elementor-action%3Aaction%3Dlightbox%26settings%3DeyJpZCI6MTY5LCJ1cmwiOiJodHRwczpcL1wvbXl2aXN1YWxzdHVkaW8uaHVcL3dwLWNvbnRlbnRcL3VwbG9hZHNcLzIwMjVcLzEyXC9DSVBPRlVaT3BsYWthdEEzX2h1LmpwZyJ9\">\n\t\t\t\t\t\t\t<img fetchpriority=\"high\" decoding=\"async\" width=\"724\" height=\"1024\" src=\"https:\/\/myvisualstudio.hu\/wp-content\/uploads\/2025\/12\/CIPOFUZOplakatA3_hu-724x1024.jpg\" class=\"attachment-large size-large wp-image-169\" alt=\"CIPOFUZOplakatA3 hu\" srcset=\"https:\/\/myvisualstudio.hu\/wp-content\/uploads\/2025\/12\/CIPOFUZOplakatA3_hu-724x1024.jpg 724w, https:\/\/myvisualstudio.hu\/wp-content\/uploads\/2025\/12\/CIPOFUZOplakatA3_hu-212x300.jpg 212w, https:\/\/myvisualstudio.hu\/wp-content\/uploads\/2025\/12\/CIPOFUZOplakatA3_hu-768x1086.jpg 768w, https:\/\/myvisualstudio.hu\/wp-content\/uploads\/2025\/12\/CIPOFUZOplakatA3_hu.jpg 849w\" sizes=\"(max-width: 724px) 100vw, 724px\" \/>\t\t\t\t\t\t\t\t<\/a>\n\t\t\t\t\t\t\t\t\t\t\t\t\t\t\t<\/div>\n\t\t\t\t<\/div>\n\t\t<div class=\"elementor-element elementor-element-6b991e0e e-con-full e-flex e-con e-child\" data-id=\"6b991e0e\" data-element_type=\"container\">\n\t\t\t\t<div class=\"elementor-element elementor-element-65229322 elementor-widget elementor-widget-spacer\" data-id=\"65229322\" data-element_type=\"widget\" data-widget_type=\"spacer.default\">\n\t\t\t\t\t\t\t<div class=\"elementor-spacer\">\n\t\t\t<div class=\"elementor-spacer-inner\"><\/div>\n\t\t<\/div>\n\t\t\t\t\t\t<\/div>\n\t\t\t\t<div class=\"elementor-element elementor-element-2a86d5d elementor-widget-tablet__width-initial animated-slow elementor-invisible elementor-widget elementor-widget-heading\" data-id=\"2a86d5d\" data-element_type=\"widget\" data-settings=\"{&quot;_animation&quot;:&quot;wobble&quot;}\" data-widget_type=\"heading.default\">\n\t\t\t\t\t<h4 class=\"elementor-heading-title elementor-size-default\">PLAY TRAILER<\/h4>\t\t\t\t<\/div>\n\t\t\t\t<div class=\"elementor-element elementor-element-aa0e9f7 elementor-widget elementor-widget-rtm_video_button\" data-id=\"aa0e9f7\" data-element_type=\"widget\" data-no-translation=\"\" data-widget_type=\"rtm_video_button.default\">\n\t\t\t\t<div class=\"elementor-widget-container\">\n\t\t\t\t\t<style>.elementor-element-aa0e9f7{display:none !important}<\/style>\t\t\t\t<\/div>\n\t\t\t\t<\/div>\n\t\t\t\t<div class=\"elementor-element elementor-element-ad83b18 elementor-widget elementor-widget-rtm_video_button\" data-id=\"ad83b18\" data-element_type=\"widget\" data-no-translation=\"\" data-widget_type=\"rtm_video_button.default\">\n\t\t\t\t<div class=\"elementor-widget-container\">\n\t\t\t\t\t        <div class=\"rkit-video-button-wrapper\">\r\n            <div class=\"rkit-video-button-container\">\r\n                <svg viewbox=\"0 0 100 100\" class=\"rkit-video-button\" width=\"100%\" height=\" 100%\">\r\n                    <defs>\r\n                        <path id=\"circlePath\" d=\"M50,50 m-35,0 a35,35 0 1,1 70,0 a35,35 0 1,1 -70,0\" \/>\r\n                    <\/defs>\r\n                    <text class=\"rkit-animated-text\">\r\n                    <\/text>\r\n                <\/svg>\r\n                <a class=\"rkit-animated-icon-container glightbox rkit-animation-shadowPulse\"\r\n                    style=\"--pulse-width:32px; --duration-pulse:1.5s;\"\r\n                    href=\"https:\/\/youtu.be\/B-Z7I5oUz-4\"\r\n                    id=\"video-button\"\r\n                    data-type=\"video\"\r\n                    data-autoplay=\"yes\"\r\n                    data-muted=\"no\"\r\n                    data-loop=\"no\"\r\n                    data-player-control=\"yes\">\r\n                    <svg aria-hidden=\"true\" class=\"rkit-vb-icon e-font-icon-svg e-fas-play\" viewbox=\"0 0 448 512\" xmlns=\"http:\/\/www.w3.org\/2000\/svg\"><path d=\"M424.4 214.7L72.4 6.6C43.8-10.3 0 6.1 0 47.9V464c0 37.5 40.7 60.1 72.4 41.3l352-208c31.4-18.5 31.5-64.1 0-82.6z\"><\/path><\/svg>                <\/a>\r\n            <\/div>\r\n        <\/div>\r\n\t\t\t\t<\/div>\n\t\t\t\t<\/div>\n\t\t\t\t<div class=\"elementor-element elementor-element-63c9f6ae elementor-widget elementor-widget-spacer\" data-id=\"63c9f6ae\" data-element_type=\"widget\" data-widget_type=\"spacer.default\">\n\t\t\t\t\t\t\t<div class=\"elementor-spacer\">\n\t\t\t<div class=\"elementor-spacer-inner\"><\/div>\n\t\t<\/div>\n\t\t\t\t\t\t<\/div>\n\t\t\t\t<\/div>\n\t\t<div class=\"elementor-element elementor-element-abc26bf e-con-full e-flex e-con e-child\" data-id=\"abc26bf\" data-element_type=\"container\">\n\t\t\t\t<div class=\"elementor-element elementor-element-4c6962fa elementor-align-center elementor-widget elementor-widget-button\" data-id=\"4c6962fa\" data-element_type=\"widget\" data-widget_type=\"button.default\">\n\t\t\t\t\t\t\t\t\t\t<a class=\"elementor-button elementor-button-link elementor-size-sm elementor-animation-pop\" href=\"https:\/\/www.imdb.com\/title\/tt23779100\">\n\t\t\t\t\t\t<span class=\"elementor-button-content-wrapper\">\n\t\t\t\t\t\t\t\t\t<span class=\"elementor-button-text\">IMDb<\/span>\n\t\t\t\t\t<\/span>\n\t\t\t\t\t<\/a>\n\t\t\t\t\t\t\t\t<\/div>\n\t\t\t\t<\/div>\n\t\t\t\t<\/div>\n\t\t\t\t<div class=\"elementor-element elementor-element-bd509a8 elementor-widget elementor-widget-image\" data-id=\"bd509a8\" data-element_type=\"widget\" data-widget_type=\"image.default\">\n\t\t\t\t\t\t\t\t\t\t\t\t\t\t\t<img decoding=\"async\" width=\"800\" height=\"392\" src=\"http:\/\/myvisualstudio.hu\/wp-content\/uploads\/2026\/01\/CIPOFUZO-Award-ENG.png\" class=\"attachment-large size-large wp-image-1648\" alt=\"CIPOFUZO Award uj\" srcset=\"https:\/\/myvisualstudio.hu\/wp-content\/uploads\/2026\/01\/CIPOFUZO-Award-ENG.png 1317w, https:\/\/myvisualstudio.hu\/wp-content\/uploads\/2026\/01\/CIPOFUZO-Award-ENG-300x147.png 300w, https:\/\/myvisualstudio.hu\/wp-content\/uploads\/2026\/01\/CIPOFUZO-Award-ENG-1024x502.png 1024w, https:\/\/myvisualstudio.hu\/wp-content\/uploads\/2026\/01\/CIPOFUZO-Award-ENG-768x377.png 768w, https:\/\/myvisualstudio.hu\/wp-content\/uploads\/2026\/01\/CIPOFUZO-Award-ENG-18x9.png 18w\" sizes=\"(max-width: 800px) 100vw, 800px\" \/>\t\t\t\t\t\t\t\t\t\t\t\t\t\t\t<\/div>\n\t\t\t\t<\/div>\n\t\t\t\t\t<\/div>\n\t\t\t\t<\/div>\n\t\t<div class=\"elementor-element elementor-element-afdc280 e-flex e-con-boxed e-con e-parent\" data-id=\"afdc280\" data-element_type=\"container\">\n\t\t\t\t\t<div class=\"e-con-inner\">\n\t\t\t\t<div class=\"elementor-element elementor-element-21bf493 elementor-arrows-position-inside elementor-pagination-position-outside elementor-widget elementor-widget-image-carousel\" data-id=\"21bf493\" data-element_type=\"widget\" data-settings=\"{&quot;slides_to_show&quot;:&quot;3&quot;,&quot;slides_to_scroll&quot;:&quot;1&quot;,&quot;autoplay_speed&quot;:700,&quot;speed&quot;:2000,&quot;navigation&quot;:&quot;both&quot;,&quot;autoplay&quot;:&quot;yes&quot;,&quot;pause_on_hover&quot;:&quot;yes&quot;,&quot;pause_on_interaction&quot;:&quot;yes&quot;,&quot;infinite&quot;:&quot;yes&quot;}\" data-widget_type=\"image-carousel.default\">\n\t\t\t\t\t\t\t<div class=\"elementor-image-carousel-wrapper swiper\" role=\"region\" aria-roledescription=\"carousel\" aria-label=\"K\u00e9p k\u00f6rhinta\" dir=\"ltr\">\n\t\t\t<div class=\"elementor-image-carousel swiper-wrapper\" aria-live=\"off\">\n\t\t\t\t\t\t\t\t<div class=\"swiper-slide\" role=\"group\" aria-roledescription=\"slide\" aria-label=\"1 of 15\" data-no-translation-aria-label=\"\"><figure class=\"swiper-slide-inner\"><img decoding=\"async\" class=\"swiper-slide-image\" src=\"https:\/\/myvisualstudio.hu\/wp-content\/uploads\/2025\/12\/BounLegs_1-768x432.jpg\" alt=\"BounLegs_1\" \/><\/figure><\/div><div class=\"swiper-slide\" role=\"group\" aria-roledescription=\"slide\" aria-label=\"2 of 15\" data-no-translation-aria-label=\"\"><figure class=\"swiper-slide-inner\"><img decoding=\"async\" class=\"swiper-slide-image\" src=\"https:\/\/myvisualstudio.hu\/wp-content\/uploads\/2025\/12\/BounLegs_2-768x432.jpg\" alt=\"BounLegs_2\" \/><\/figure><\/div><div class=\"swiper-slide\" role=\"group\" aria-roledescription=\"slide\" aria-label=\"3 of 15\" data-no-translation-aria-label=\"\"><figure class=\"swiper-slide-inner\"><img decoding=\"async\" class=\"swiper-slide-image\" src=\"https:\/\/myvisualstudio.hu\/wp-content\/uploads\/2025\/12\/BounLegs_3-768x432.jpg\" alt=\"BounLegs_3\" \/><\/figure><\/div><div class=\"swiper-slide\" role=\"group\" aria-roledescription=\"slide\" aria-label=\"4 of 15\" data-no-translation-aria-label=\"\"><figure class=\"swiper-slide-inner\"><img decoding=\"async\" class=\"swiper-slide-image\" src=\"https:\/\/myvisualstudio.hu\/wp-content\/uploads\/2025\/12\/BounLegs_6-768x432.jpg\" alt=\"BounLegs_6\" \/><\/figure><\/div><div class=\"swiper-slide\" role=\"group\" aria-roledescription=\"slide\" aria-label=\"5 of 15\" data-no-translation-aria-label=\"\"><figure class=\"swiper-slide-inner\"><img decoding=\"async\" class=\"swiper-slide-image\" src=\"https:\/\/myvisualstudio.hu\/wp-content\/uploads\/2025\/12\/BounLegs_4-768x432.jpg\" alt=\"BounLegs_4\" \/><\/figure><\/div><div class=\"swiper-slide\" role=\"group\" aria-roledescription=\"slide\" aria-label=\"6 of 15\" data-no-translation-aria-label=\"\"><figure class=\"swiper-slide-inner\"><img decoding=\"async\" class=\"swiper-slide-image\" src=\"https:\/\/myvisualstudio.hu\/wp-content\/uploads\/2025\/12\/BounLegs_5-768x432.jpg\" alt=\"BounLegs_5\" \/><\/figure><\/div><div class=\"swiper-slide\" role=\"group\" aria-roledescription=\"slide\" aria-label=\"7 of 15\" data-no-translation-aria-label=\"\"><figure class=\"swiper-slide-inner\"><img decoding=\"async\" class=\"swiper-slide-image\" src=\"https:\/\/myvisualstudio.hu\/wp-content\/uploads\/2025\/12\/BounLegs_7-768x432.jpg\" alt=\"BounLegs_7\" \/><\/figure><\/div><div class=\"swiper-slide\" role=\"group\" aria-roledescription=\"slide\" aria-label=\"8 of 15\" data-no-translation-aria-label=\"\"><figure class=\"swiper-slide-inner\"><img decoding=\"async\" class=\"swiper-slide-image\" src=\"https:\/\/myvisualstudio.hu\/wp-content\/uploads\/2025\/12\/BounLegs_8-768x432.jpg\" alt=\"BounLegs_8\" \/><\/figure><\/div><div class=\"swiper-slide\" role=\"group\" aria-roledescription=\"slide\" aria-label=\"9 of 15\" data-no-translation-aria-label=\"\"><figure class=\"swiper-slide-inner\"><img decoding=\"async\" class=\"swiper-slide-image\" src=\"https:\/\/myvisualstudio.hu\/wp-content\/uploads\/2025\/12\/BounLegs_15-768x432.jpg\" alt=\"BounLegs_15\" \/><\/figure><\/div><div class=\"swiper-slide\" role=\"group\" aria-roledescription=\"slide\" aria-label=\"10 of 15\" data-no-translation-aria-label=\"\"><figure class=\"swiper-slide-inner\"><img decoding=\"async\" class=\"swiper-slide-image\" src=\"https:\/\/myvisualstudio.hu\/wp-content\/uploads\/2025\/12\/BounLegs_9-768x432.jpg\" alt=\"BounLegs_9\" \/><\/figure><\/div><div class=\"swiper-slide\" role=\"group\" aria-roledescription=\"slide\" aria-label=\"11 of 15\" data-no-translation-aria-label=\"\"><figure class=\"swiper-slide-inner\"><img decoding=\"async\" class=\"swiper-slide-image\" src=\"https:\/\/myvisualstudio.hu\/wp-content\/uploads\/2025\/12\/BounLegs_10-768x432.jpg\" alt=\"BounLegs_10\" \/><\/figure><\/div><div class=\"swiper-slide\" role=\"group\" aria-roledescription=\"slide\" aria-label=\"12 of 15\" data-no-translation-aria-label=\"\"><figure class=\"swiper-slide-inner\"><img decoding=\"async\" class=\"swiper-slide-image\" src=\"https:\/\/myvisualstudio.hu\/wp-content\/uploads\/2025\/12\/BounLegs_11-768x432.jpg\" alt=\"BounLegs_11\" \/><\/figure><\/div><div class=\"swiper-slide\" role=\"group\" aria-roledescription=\"slide\" aria-label=\"13 of 15\" data-no-translation-aria-label=\"\"><figure class=\"swiper-slide-inner\"><img decoding=\"async\" class=\"swiper-slide-image\" src=\"https:\/\/myvisualstudio.hu\/wp-content\/uploads\/2025\/12\/BounLegs_12-768x432.jpg\" alt=\"BounLegs_12\" \/><\/figure><\/div><div class=\"swiper-slide\" role=\"group\" aria-roledescription=\"slide\" aria-label=\"14 of 15\" data-no-translation-aria-label=\"\"><figure class=\"swiper-slide-inner\"><img decoding=\"async\" class=\"swiper-slide-image\" src=\"https:\/\/myvisualstudio.hu\/wp-content\/uploads\/2025\/12\/BounLegs_14-768x432.jpg\" alt=\"BounLegs_14\" \/><\/figure><\/div><div class=\"swiper-slide\" role=\"group\" aria-roledescription=\"slide\" aria-label=\"15 of 15\" data-no-translation-aria-label=\"\"><figure class=\"swiper-slide-inner\"><img decoding=\"async\" class=\"swiper-slide-image\" src=\"https:\/\/myvisualstudio.hu\/wp-content\/uploads\/2025\/12\/BounLegs_13-768x432.jpg\" alt=\"BounLegs_13\" \/><\/figure><\/div>\t\t\t<\/div>\n\t\t\t\t\t\t\t\t\t\t\t\t<div class=\"elementor-swiper-button elementor-swiper-button-prev\" role=\"button\" tabindex=\"0\">\n\t\t\t\t\t\t<svg aria-hidden=\"true\" class=\"e-font-icon-svg e-eicon-chevron-left\" viewbox=\"0 0 1000 1000\" xmlns=\"http:\/\/www.w3.org\/2000\/svg\"><path d=\"M646 125C629 125 613 133 604 142L308 442C296 454 292 471 292 487 292 504 296 521 308 533L604 854C617 867 629 875 646 875 663 875 679 871 692 858 704 846 713 829 713 812 713 796 708 779 692 767L438 487 692 225C700 217 708 204 708 187 708 171 704 154 692 142 675 129 663 125 646 125Z\"><\/path><\/svg>\t\t\t\t\t<\/div>\n\t\t\t\t\t<div class=\"elementor-swiper-button elementor-swiper-button-next\" role=\"button\" tabindex=\"0\">\n\t\t\t\t\t\t<svg aria-hidden=\"true\" class=\"e-font-icon-svg e-eicon-chevron-right\" viewbox=\"0 0 1000 1000\" xmlns=\"http:\/\/www.w3.org\/2000\/svg\"><path d=\"M696 533C708 521 713 504 713 487 713 471 708 454 696 446L400 146C388 133 375 125 354 125 338 125 325 129 313 142 300 154 292 171 292 187 292 204 296 221 308 233L563 492 304 771C292 783 288 800 288 817 288 833 296 850 308 863 321 871 338 875 354 875 371 875 388 867 400 854L696 533Z\"><\/path><\/svg>\t\t\t\t\t<\/div>\n\t\t\t\t\n\t\t\t\t\t\t\t\t\t<div class=\"swiper-pagination\"><\/div>\n\t\t\t\t\t\t\t\t\t<\/div>\n\t\t\t\t\t\t<\/div>\n\t\t\t\t\t<\/div>\n\t\t\t\t<\/div>\n\t\t\t\t<\/div>","protected":false},"excerpt":{"rendered":"<p>CIP\u0150F\u0170Z\u0150 Asgard Academy (2019) LEJ\u00c1TSZ\u00c1S Cip\u0151f\u0171z\u0151 (2022) 27 Min Dr\u00e1ma, short Andr\u00e1s a 12. sz\u00fclet\u00e9snapj\u00e1n r\u00e1d\u00f6bben, hogy teljesen tehetetlen anyja fojtogat\u00f3 \u00e9s korl\u00e1toz\u00f3 szeretet\u00e9vel szemben. A \u201ehelikopteranya\u201d \u00e1lland\u00f3 fel\u00fcgyelete miatt a fi\u00fa teljes elszigetelts\u00e9gben \u00e9s mag\u00e1nyban \u00e9li mindennapjait. Csapatt\u00e1rsai rendszeresen g\u00fanyolj\u00e1k, ami\u00e9rt m\u00e9g a cip\u0151f\u0171z\u0151j\u00e9t sem k\u00e9pes bek\u00f6tni. A szeretet ill\u00fazi\u00f3j\u00e1ban nevelkedve, 21 \u00e9ves kor\u00e1ra [&hellip;]<\/p>","protected":false},"author":1,"featured_media":0,"parent":0,"menu_order":0,"comment_status":"closed","ping_status":"closed","template":"","meta":{"slim_seo":{"title":"CIP\u0150F\u0170Z\u0150 - MyVisual Studio","description":"CIP\u0150F\u0170Z\u0150 Asgard Academy (2019) LEJ\u00c1TSZ\u00c1S Cip\u0151f\u0171z\u0151 (2022) 27 Min Dr\u00e1ma, short Andr\u00e1s a 12. sz\u00fclet\u00e9snapj\u00e1n r\u00e1d\u00f6bben, hogy teljesen tehetetlen anyja fojtogat\u00f3 \u00e9s k"},"footnotes":""},"class_list":["post-338","page","type-page","status-publish","hentry"],"_links":{"self":[{"href":"https:\/\/myvisualstudio.hu\/en\/wp-json\/wp\/v2\/pages\/338","targetHints":{"allow":["GET"]}}],"collection":[{"href":"https:\/\/myvisualstudio.hu\/en\/wp-json\/wp\/v2\/pages"}],"about":[{"href":"https:\/\/myvisualstudio.hu\/en\/wp-json\/wp\/v2\/types\/page"}],"author":[{"embeddable":true,"href":"https:\/\/myvisualstudio.hu\/en\/wp-json\/wp\/v2\/users\/1"}],"replies":[{"embeddable":true,"href":"https:\/\/myvisualstudio.hu\/en\/wp-json\/wp\/v2\/comments?post=338"}],"version-history":[{"count":67,"href":"https:\/\/myvisualstudio.hu\/en\/wp-json\/wp\/v2\/pages\/338\/revisions"}],"predecessor-version":[{"id":1925,"href":"https:\/\/myvisualstudio.hu\/en\/wp-json\/wp\/v2\/pages\/338\/revisions\/1925"}],"wp:attachment":[{"href":"https:\/\/myvisualstudio.hu\/en\/wp-json\/wp\/v2\/media?parent=338"}],"curies":[{"name":"wp","href":"https:\/\/api.w.org\/{rel}","templated":true}]}}