{"id":1766,"date":"2026-01-01T19:29:57","date_gmt":"2026-01-01T18:29:57","guid":{"rendered":"https:\/\/myvisualstudio.hu\/?page_id=1766"},"modified":"2026-01-10T12:50:48","modified_gmt":"2026-01-10T11:50:48","slug":"lecso","status":"publish","type":"page","link":"https:\/\/myvisualstudio.hu\/en\/lecso\/","title":{"rendered":"LECHO"},"content":{"rendered":"<div data-elementor-type=\"wp-page\" data-elementor-id=\"1766\" class=\"elementor elementor-1766\">\n\t\t\t\t<div class=\"elementor-element elementor-element-88d8314 e-flex e-con-boxed e-con e-parent\" data-id=\"88d8314\" data-element_type=\"container\" data-settings=\"{&quot;background_background&quot;:&quot;classic&quot;}\">\n\t\t\t\t\t<div class=\"e-con-inner\">\n\t\t\t\t<div class=\"elementor-element elementor-element-f4c5d99 elementor-hidden-mobile elementor-widget elementor-widget-heading\" data-id=\"f4c5d99\" data-element_type=\"widget\" data-widget_type=\"heading.default\">\n\t\t\t\t\t<h2 class=\"elementor-heading-title elementor-size-default\">LECHO<\/h2>\t\t\t\t<\/div>\n\t\t\t\t\t<\/div>\n\t\t\t\t<\/div>\n\t\t<div class=\"elementor-element elementor-element-d1bbfd1 e-flex e-con-boxed e-con e-parent\" data-id=\"d1bbfd1\" data-element_type=\"container\">\n\t\t\t\t\t<div class=\"e-con-inner\">\n\t\t<div class=\"elementor-element elementor-element-a39e054 e-con-full e-flex e-con e-child\" data-id=\"a39e054\" data-element_type=\"container\">\n\t\t<div class=\"elementor-element elementor-element-6a0a143 e-con-full e-flex e-con e-child\" data-id=\"6a0a143\" data-element_type=\"container\" data-settings=\"{&quot;background_background&quot;:&quot;classic&quot;}\">\n\t\t\t\t<div class=\"elementor-element elementor-element-fc2b9e6 elementor-widget elementor-widget-rtm_video_button\" data-id=\"fc2b9e6\" data-element_type=\"widget\" data-no-translation=\"\" data-widget_type=\"rtm_video_button.default\">\n\t\t\t\t<div class=\"elementor-widget-container\">\n\t\t\t\t\t<style>.elementor-element-fc2b9e6{display:none !important}<\/style>\t\t\t\t<\/div>\n\t\t\t\t<\/div>\n\t\t\t\t<div class=\"elementor-element elementor-element-764a451 elementor-widget elementor-widget-rtm_video_button\" data-id=\"764a451\" data-element_type=\"widget\" data-no-translation=\"\" data-widget_type=\"rtm_video_button.default\">\n\t\t\t\t<div class=\"elementor-widget-container\">\n\t\t\t\t\t        <div class=\"rkit-video-button-wrapper\">\r\n            <div class=\"rkit-video-button-container\">\r\n                <svg viewbox=\"0 0 100 100\" class=\"rkit-video-button\" width=\"100%\" height=\" 100%\">\r\n                    <defs>\r\n                        <path id=\"circlePath\" d=\"M50,50 m-35,0 a35,35 0 1,1 70,0 a35,35 0 1,1 -70,0\" \/>\r\n                    <\/defs>\r\n                    <text class=\"rkit-animated-text\">\r\n                    <\/text>\r\n                <\/svg>\r\n                <a class=\"rkit-animated-icon-container glightbox rkit-animation-shadowPulse\"\r\n                    style=\"--pulse-width:32px; --duration-pulse:1.5s;\"\r\n                    href=\"https:\/\/www.youtube.com\/watch?v=nOMyQ-L63EU\"\r\n                    id=\"video-button\"\r\n                    data-type=\"video\"\r\n                    data-autoplay=\"yes\"\r\n                    data-muted=\"no\"\r\n                    data-loop=\"no\"\r\n                    data-player-control=\"yes\">\r\n                    <svg aria-hidden=\"true\" class=\"rkit-vb-icon e-font-icon-svg e-fas-play\" viewbox=\"0 0 448 512\" xmlns=\"http:\/\/www.w3.org\/2000\/svg\"><path d=\"M424.4 214.7L72.4 6.6C43.8-10.3 0 6.1 0 47.9V464c0 37.5 40.7 60.1 72.4 41.3l352-208c31.4-18.5 31.5-64.1 0-82.6z\"><\/path><\/svg>                <\/a>\r\n            <\/div>\r\n        <\/div>\r\n\t\t\t\t<\/div>\n\t\t\t\t<\/div>\n\t\t\t\t<div class=\"elementor-element elementor-element-1881511 elementor-widget elementor-widget-button\" data-id=\"1881511\" data-element_type=\"widget\" data-widget_type=\"button.default\">\n\t\t\t\t\t\t\t\t\t\t<a class=\"elementor-button elementor-button-link elementor-size-sm\" href=\"#\">\n\t\t\t\t\t\t<span class=\"elementor-button-content-wrapper\">\n\t\t\t\t\t\t\t\t\t<span class=\"elementor-button-text\">PLAY<\/span>\n\t\t\t\t\t<\/span>\n\t\t\t\t\t<\/a>\n\t\t\t\t\t\t\t\t<\/div>\n\t\t\t\t<\/div>\n\t\t\t\t<div class=\"elementor-element elementor-element-1cd8a5f elementor-widget elementor-widget-heading\" data-id=\"1cd8a5f\" data-element_type=\"widget\" data-widget_type=\"heading.default\">\n\t\t\t\t\t<h3 class=\"elementor-heading-title elementor-size-default\">LECHO (2020)<\/h3>\t\t\t\t<\/div>\n\t\t\t\t<div class=\"elementor-element elementor-element-ab7f5b5 elementor-icon-list--layout-inline elementor-list-item-link-full_width elementor-widget elementor-widget-icon-list\" data-id=\"ab7f5b5\" data-element_type=\"widget\" data-widget_type=\"icon-list.default\">\n\t\t\t\t\t\t\t<ul class=\"elementor-icon-list-items elementor-inline-items\">\n\t\t\t\t\t\t\t<li class=\"elementor-icon-list-item elementor-inline-item\">\n\t\t\t\t\t\t\t\t\t\t\t<span class=\"elementor-icon-list-icon\">\n\t\t\t\t\t\t\t<svg aria-hidden=\"true\" class=\"e-font-icon-svg e-fas-clock\" viewbox=\"0 0 512 512\" xmlns=\"http:\/\/www.w3.org\/2000\/svg\"><path d=\"M256,8C119,8,8,119,8,256S119,504,256,504,504,393,504,256,393,8,256,8Zm92.49,313h0l-20,25a16,16,0,0,1-22.49,2.5h0l-67-49.72a40,40,0,0,1-15-31.23V112a16,16,0,0,1,16-16h32a16,16,0,0,1,16,16V256l58,42.5A16,16,0,0,1,348.49,321Z\"><\/path><\/svg>\t\t\t\t\t\t<\/span>\n\t\t\t\t\t\t\t\t\t\t<span class=\"elementor-icon-list-text\">13 Min<\/span>\n\t\t\t\t\t\t\t\t\t<\/li>\n\t\t\t\t\t\t\t\t<li class=\"elementor-icon-list-item elementor-inline-item\">\n\t\t\t\t\t\t\t\t\t\t\t<span class=\"elementor-icon-list-icon\">\n\t\t\t\t\t\t\t<svg aria-hidden=\"true\" class=\"e-font-icon-svg e-fas-camera\" viewbox=\"0 0 512 512\" xmlns=\"http:\/\/www.w3.org\/2000\/svg\"><path d=\"M512 144v288c0 26.5-21.5 48-48 48H48c-26.5 0-48-21.5-48-48V144c0-26.5 21.5-48 48-48h88l12.3-32.9c7-18.7 24.9-31.1 44.9-31.1h125.5c20 0 37.9 12.4 44.9 31.1L376 96h88c26.5 0 48 21.5 48 48zM376 288c0-66.2-53.8-120-120-120s-120 53.8-120 120 53.8 120 120 120 120-53.8 120-120zm-32 0c0 48.5-39.5 88-88 88s-88-39.5-88-88 39.5-88 88-88 88 39.5 88 88z\"><\/path><\/svg>\t\t\t\t\t\t<\/span>\n\t\t\t\t\t\t\t\t\t\t<span class=\"elementor-icon-list-text\">Drama, Short<\/span>\n\t\t\t\t\t\t\t\t\t<\/li>\n\t\t\t\t\t\t<\/ul>\n\t\t\t\t\t\t<\/div>\n\t\t\t\t<div class=\"elementor-element elementor-element-fbd32e9 elementor-widget elementor-widget-text-editor\" data-id=\"fbd32e9\" data-element_type=\"widget\" data-widget_type=\"text-editor.default\">\n\t\t\t\t\t\t\t\t\t<p>The short film titled LECHO is a story about a young athlete confined to a wheelchair, showcasing the daily struggles of people living with disabilities. The short film received 12 accolades from various international festivals, including the Los Angeles Independent Shorts Awards, the London Flicks Festival, the American Golden Picture, and the CanadaShorts Film Festival, as well as the Canadian, Asian, and European events of the Cinematography Awards series.<\/p><p>STORY<\/p><p>The day arrives in TOMI's life that changes everything. Feeling lost, he sets out on his own, facing the challenges and difficulties of his newly acquired wheelchair. Although memories still weigh heavy on his heart, even the absence of his love does not discourage him from cooking her favorite dish: LECHO.<\/p>\t\t\t\t\t\t\t\t<\/div>\n\t\t\t\t<div class=\"elementor-element elementor-element-fc3853a elementor-widget elementor-widget-text-editor\" data-id=\"fc3853a\" data-element_type=\"widget\" data-widget_type=\"text-editor.default\">\n\t\t\t\t\t\t\t\t\t<p><strong>Producer<br \/><\/strong>K\u00e1roly P\u00e1lfai, P\u00e9ter Ga\u00e1l, Gabriella N\u00e9meth, Alexandra Uri-Kov\u00e1cs<\/p><p><strong>Writer and Director<br \/><\/strong>K\u00e1roly P\u00e1lfai<\/p><p><strong>Cast<br \/><\/strong>Kriszti\u00e1n Gombos, Dzsenifer Macs\u00e1ri, Kata Heged\u0171s, Anna Wilhelm<\/p>\t\t\t\t\t\t\t\t<\/div>\n\t\t\t\t<\/div>\n\t\t<div class=\"elementor-element elementor-element-7cc3f8e e-con-full e-flex e-con e-child\" data-id=\"7cc3f8e\" data-element_type=\"container\">\n\t\t<div class=\"elementor-element elementor-element-e2f36e9 e-con-full e-flex e-con e-child\" data-id=\"e2f36e9\" data-element_type=\"container\">\n\t\t\t\t<div class=\"elementor-element elementor-element-bfea964 elementor-widget-tablet__width-initial elementor-widget elementor-widget-heading\" data-id=\"bfea964\" data-element_type=\"widget\" data-widget_type=\"heading.default\">\n\t\t\t\t\t<h4 class=\"elementor-heading-title elementor-size-default\">Poster<\/h4>\t\t\t\t<\/div>\n\t\t<div class=\"elementor-element elementor-element-93e8799 e-con-full e-flex e-con e-child\" data-id=\"93e8799\" data-element_type=\"container\">\n\t\t\t\t<div class=\"elementor-element elementor-element-4feca8c elementor-widget elementor-widget-image\" data-id=\"4feca8c\" data-element_type=\"widget\" data-widget_type=\"image.default\">\n\t\t\t\t\t\t\t\t\t\t\t\t\t\t\t\t<a href=\"http:\/\/myvisualstudio.hu\/wp-content\/uploads\/2026\/01\/LECSO_plakatA3_a_lowres.jpg\" data-elementor-open-lightbox=\"yes\" data-elementor-lightbox-title=\"LECSO_plakatA3_a_lowres\" data-e-action-hash=\"#elementor-action%3Aaction%3Dlightbox%26settings%3DeyJpZCI6MTc2MSwidXJsIjoiaHR0cHM6XC9cL215dmlzdWFsc3R1ZGlvLmh1XC93cC1jb250ZW50XC91cGxvYWRzXC8yMDI2XC8wMVwvTEVDU09fcGxha2F0QTNfYV9sb3dyZXMuanBnIn0%3D\">\n\t\t\t\t\t\t\t<img fetchpriority=\"high\" decoding=\"async\" width=\"724\" height=\"1024\" src=\"http:\/\/myvisualstudio.hu\/wp-content\/uploads\/2026\/01\/LECHO_POSTER_A3-scaled.jpg\" class=\"attachment-large size-large wp-image-1761\" alt=\"LECSO plakatA3 a lowres\" srcset=\"https:\/\/myvisualstudio.hu\/wp-content\/uploads\/2026\/01\/LECHO_POSTER_A3-scaled.jpg 1810w, https:\/\/myvisualstudio.hu\/wp-content\/uploads\/2026\/01\/LECHO_POSTER_A3-212x300.jpg 212w, https:\/\/myvisualstudio.hu\/wp-content\/uploads\/2026\/01\/LECHO_POSTER_A3-724x1024.jpg 724w, https:\/\/myvisualstudio.hu\/wp-content\/uploads\/2026\/01\/LECHO_POSTER_A3-768x1086.jpg 768w, https:\/\/myvisualstudio.hu\/wp-content\/uploads\/2026\/01\/LECHO_POSTER_A3-1086x1536.jpg 1086w, https:\/\/myvisualstudio.hu\/wp-content\/uploads\/2026\/01\/LECHO_POSTER_A3-1448x2048.jpg 1448w, https:\/\/myvisualstudio.hu\/wp-content\/uploads\/2026\/01\/LECHO_POSTER_A3-8x12.jpg 8w\" sizes=\"(max-width: 724px) 100vw, 724px\" \/>\t\t\t\t\t\t\t\t<\/a>\n\t\t\t\t\t\t\t\t\t\t\t\t\t\t\t<\/div>\n\t\t\t\t<\/div>\n\t\t<div class=\"elementor-element elementor-element-eefb066 e-con-full e-flex e-con e-child\" data-id=\"eefb066\" data-element_type=\"container\">\n\t\t\t\t<div class=\"elementor-element elementor-element-8b0ef25 elementor-widget elementor-widget-spacer\" data-id=\"8b0ef25\" data-element_type=\"widget\" data-widget_type=\"spacer.default\">\n\t\t\t\t\t\t\t<div class=\"elementor-spacer\">\n\t\t\t<div class=\"elementor-spacer-inner\"><\/div>\n\t\t<\/div>\n\t\t\t\t\t\t<\/div>\n\t\t\t\t<div class=\"elementor-element elementor-element-bdee57b elementor-widget-tablet__width-initial animated-slow elementor-invisible elementor-widget elementor-widget-heading\" data-id=\"bdee57b\" data-element_type=\"widget\" data-settings=\"{&quot;_animation&quot;:&quot;wobble&quot;}\" data-widget_type=\"heading.default\">\n\t\t\t\t\t<h4 class=\"elementor-heading-title elementor-size-default\">PLAY TRAILER<\/h4>\t\t\t\t<\/div>\n\t\t\t\t<div class=\"elementor-element elementor-element-fb88079 elementor-widget elementor-widget-rtm_video_button\" data-id=\"fb88079\" data-element_type=\"widget\" data-no-translation=\"\" data-widget_type=\"rtm_video_button.default\">\n\t\t\t\t<div class=\"elementor-widget-container\">\n\t\t\t\t\t<style>.elementor-element-fb88079{display:none !important}<\/style>\t\t\t\t<\/div>\n\t\t\t\t<\/div>\n\t\t\t\t<div class=\"elementor-element elementor-element-a0aecdf elementor-widget elementor-widget-rtm_video_button\" data-id=\"a0aecdf\" data-element_type=\"widget\" data-no-translation=\"\" data-widget_type=\"rtm_video_button.default\">\n\t\t\t\t<div class=\"elementor-widget-container\">\n\t\t\t\t\t        <div class=\"rkit-video-button-wrapper\">\r\n            <div class=\"rkit-video-button-container\">\r\n                <svg viewbox=\"0 0 100 100\" class=\"rkit-video-button\" width=\"100%\" height=\" 100%\">\r\n                    <defs>\r\n                        <path id=\"circlePath\" d=\"M50,50 m-35,0 a35,35 0 1,1 70,0 a35,35 0 1,1 -70,0\" \/>\r\n                    <\/defs>\r\n                    <text class=\"rkit-animated-text\">\r\n                    <\/text>\r\n                <\/svg>\r\n                <a class=\"rkit-animated-icon-container glightbox rkit-animation-shadowPulse\"\r\n                    style=\"--pulse-width:32px; --duration-pulse:1.5s;\"\r\n                    href=\"https:\/\/www.youtube.com\/watch?v=mXl71bMMoSk\"\r\n                    id=\"video-button\"\r\n                    data-type=\"video\"\r\n                    data-autoplay=\"yes\"\r\n                    data-muted=\"no\"\r\n                    data-loop=\"no\"\r\n                    data-player-control=\"yes\">\r\n                    <svg aria-hidden=\"true\" class=\"rkit-vb-icon e-font-icon-svg e-fas-play\" viewbox=\"0 0 448 512\" xmlns=\"http:\/\/www.w3.org\/2000\/svg\"><path d=\"M424.4 214.7L72.4 6.6C43.8-10.3 0 6.1 0 47.9V464c0 37.5 40.7 60.1 72.4 41.3l352-208c31.4-18.5 31.5-64.1 0-82.6z\"><\/path><\/svg>                <\/a>\r\n            <\/div>\r\n        <\/div>\r\n\t\t\t\t<\/div>\n\t\t\t\t<\/div>\n\t\t\t\t<div class=\"elementor-element elementor-element-77f8d26 elementor-widget elementor-widget-spacer\" data-id=\"77f8d26\" data-element_type=\"widget\" data-widget_type=\"spacer.default\">\n\t\t\t\t\t\t\t<div class=\"elementor-spacer\">\n\t\t\t<div class=\"elementor-spacer-inner\"><\/div>\n\t\t<\/div>\n\t\t\t\t\t\t<\/div>\n\t\t\t\t<\/div>\n\t\t<div class=\"elementor-element elementor-element-fdebe6e e-con-full e-flex e-con e-child\" data-id=\"fdebe6e\" data-element_type=\"container\">\n\t\t\t\t<div class=\"elementor-element elementor-element-dbc374a elementor-align-center elementor-widget elementor-widget-button\" data-id=\"dbc374a\" data-element_type=\"widget\" data-widget_type=\"button.default\">\n\t\t\t\t\t\t\t\t\t\t<a class=\"elementor-button elementor-button-link elementor-size-sm elementor-animation-pop\" href=\"https:\/\/www.imdb.com\/title\/tt11258344\/?ref_=ttmi_ov_bk\">\n\t\t\t\t\t\t<span class=\"elementor-button-content-wrapper\">\n\t\t\t\t\t\t\t\t\t<span class=\"elementor-button-text\">IMDb<\/span>\n\t\t\t\t\t<\/span>\n\t\t\t\t\t<\/a>\n\t\t\t\t\t\t\t\t<\/div>\n\t\t\t\t<\/div>\n\t\t\t\t<\/div>\n\t\t\t\t<div class=\"elementor-element elementor-element-6492836 elementor-widget elementor-widget-image\" data-id=\"6492836\" data-element_type=\"widget\" data-widget_type=\"image.default\">\n\t\t\t\t\t\t\t\t\t\t\t\t\t\t\t<img decoding=\"async\" width=\"800\" height=\"392\" src=\"http:\/\/myvisualstudio.hu\/wp-content\/uploads\/2026\/01\/LECSO-Award-ENG.png\" class=\"attachment-large size-large wp-image-1774\" alt=\"LECSO Award ma\u0301solat\" srcset=\"https:\/\/myvisualstudio.hu\/wp-content\/uploads\/2026\/01\/LECSO-Award-ENG.png 1317w, https:\/\/myvisualstudio.hu\/wp-content\/uploads\/2026\/01\/LECSO-Award-ENG-300x147.png 300w, https:\/\/myvisualstudio.hu\/wp-content\/uploads\/2026\/01\/LECSO-Award-ENG-1024x502.png 1024w, https:\/\/myvisualstudio.hu\/wp-content\/uploads\/2026\/01\/LECSO-Award-ENG-768x377.png 768w, https:\/\/myvisualstudio.hu\/wp-content\/uploads\/2026\/01\/LECSO-Award-ENG-18x9.png 18w\" sizes=\"(max-width: 800px) 100vw, 800px\" \/>\t\t\t\t\t\t\t\t\t\t\t\t\t\t\t<\/div>\n\t\t\t\t<\/div>\n\t\t\t\t\t<\/div>\n\t\t\t\t<\/div>\n\t\t<div class=\"elementor-element elementor-element-04989d3 e-flex e-con-boxed e-con e-parent\" data-id=\"04989d3\" data-element_type=\"container\">\n\t\t\t\t\t<div class=\"e-con-inner\">\n\t\t\t\t<div class=\"elementor-element elementor-element-9c96ac4 elementor-arrows-position-inside elementor-pagination-position-outside elementor-widget elementor-widget-image-carousel\" data-id=\"9c96ac4\" data-element_type=\"widget\" data-settings=\"{&quot;slides_to_show&quot;:&quot;3&quot;,&quot;slides_to_scroll&quot;:&quot;1&quot;,&quot;autoplay_speed&quot;:700,&quot;speed&quot;:2000,&quot;navigation&quot;:&quot;both&quot;,&quot;autoplay&quot;:&quot;yes&quot;,&quot;pause_on_hover&quot;:&quot;yes&quot;,&quot;pause_on_interaction&quot;:&quot;yes&quot;,&quot;infinite&quot;:&quot;yes&quot;}\" data-widget_type=\"image-carousel.default\">\n\t\t\t\t\t\t\t<div class=\"elementor-image-carousel-wrapper swiper\" role=\"region\" aria-roledescription=\"carousel\" aria-label=\"K\u00e9p k\u00f6rhinta\" dir=\"ltr\">\n\t\t\t<div class=\"elementor-image-carousel swiper-wrapper\" aria-live=\"off\">\n\t\t\t\t\t\t\t\t<div class=\"swiper-slide\" role=\"group\" aria-roledescription=\"slide\" aria-label=\"1 of 19\" data-no-translation-aria-label=\"\"><figure class=\"swiper-slide-inner\"><img decoding=\"async\" class=\"swiper-slide-image\" src=\"https:\/\/myvisualstudio.hu\/wp-content\/uploads\/2026\/01\/EMPATHY.SHORTFILM.STILL001-768x432.jpg\" alt=\"EMPATHY.SHORTFILM.STILL001\" \/><\/figure><\/div><div class=\"swiper-slide\" role=\"group\" aria-roledescription=\"slide\" aria-label=\"2 of 19\" data-no-translation-aria-label=\"\"><figure class=\"swiper-slide-inner\"><img decoding=\"async\" class=\"swiper-slide-image\" src=\"https:\/\/myvisualstudio.hu\/wp-content\/uploads\/2026\/01\/EMPATHY.SHORTFILM.STILL003-768x432.jpg\" alt=\"EMPATHY.SHORTFILM.STILL003\" \/><\/figure><\/div><div class=\"swiper-slide\" role=\"group\" aria-roledescription=\"slide\" aria-label=\"3 of 19\" data-no-translation-aria-label=\"\"><figure class=\"swiper-slide-inner\"><img decoding=\"async\" class=\"swiper-slide-image\" src=\"https:\/\/myvisualstudio.hu\/wp-content\/uploads\/2026\/01\/EMPATHY.SHORTFILM.STILL002-768x432.jpg\" alt=\"EMPATHY.SHORTFILM.STILL002\" \/><\/figure><\/div><div class=\"swiper-slide\" role=\"group\" aria-roledescription=\"slide\" aria-label=\"4 of 19\" data-no-translation-aria-label=\"\"><figure class=\"swiper-slide-inner\"><img decoding=\"async\" class=\"swiper-slide-image\" src=\"https:\/\/myvisualstudio.hu\/wp-content\/uploads\/2026\/01\/EMPATHY.SHORTFILM.STILL004-768x432.jpg\" alt=\"EMPATHY.SHORTFILM.STILL004\" \/><\/figure><\/div><div class=\"swiper-slide\" role=\"group\" aria-roledescription=\"slide\" aria-label=\"5 of 19\" data-no-translation-aria-label=\"\"><figure class=\"swiper-slide-inner\"><img decoding=\"async\" class=\"swiper-slide-image\" src=\"https:\/\/myvisualstudio.hu\/wp-content\/uploads\/2026\/01\/EMPATHY.SHORTFILM.STILL005-768x432.jpg\" alt=\"EMPATHY.SHORTFILM.STILL005\" \/><\/figure><\/div><div class=\"swiper-slide\" role=\"group\" aria-roledescription=\"slide\" aria-label=\"6 of 19\" data-no-translation-aria-label=\"\"><figure class=\"swiper-slide-inner\"><img decoding=\"async\" class=\"swiper-slide-image\" src=\"https:\/\/myvisualstudio.hu\/wp-content\/uploads\/2026\/01\/EMPATHY.SHORTFILM.STILL006-768x432.jpg\" alt=\"EMPATHY.SHORTFILM.STILL006\" \/><\/figure><\/div><div class=\"swiper-slide\" role=\"group\" aria-roledescription=\"slide\" aria-label=\"7 of 19\" data-no-translation-aria-label=\"\"><figure class=\"swiper-slide-inner\"><img decoding=\"async\" class=\"swiper-slide-image\" src=\"https:\/\/myvisualstudio.hu\/wp-content\/uploads\/2026\/01\/EMPATHY.SHORTFILM.STILL007-768x432.jpg\" alt=\"EMPATHY.SHORTFILM.STILL007\" \/><\/figure><\/div><div class=\"swiper-slide\" role=\"group\" aria-roledescription=\"slide\" aria-label=\"8 of 19\" data-no-translation-aria-label=\"\"><figure class=\"swiper-slide-inner\"><img decoding=\"async\" class=\"swiper-slide-image\" src=\"https:\/\/myvisualstudio.hu\/wp-content\/uploads\/2026\/01\/EMPATHY.SHORTFILM.STILL008-768x432.jpg\" alt=\"EMPATHY.SHORTFILM.STILL008\" \/><\/figure><\/div><div class=\"swiper-slide\" role=\"group\" aria-roledescription=\"slide\" aria-label=\"9 of 19\" data-no-translation-aria-label=\"\"><figure class=\"swiper-slide-inner\"><img decoding=\"async\" class=\"swiper-slide-image\" src=\"https:\/\/myvisualstudio.hu\/wp-content\/uploads\/2026\/01\/EMPATHY.SHORTFILM.STILL009-768x432.jpg\" alt=\"EMPATHY.SHORTFILM.STILL009\" \/><\/figure><\/div><div class=\"swiper-slide\" role=\"group\" aria-roledescription=\"slide\" aria-label=\"10 of 19\" data-no-translation-aria-label=\"\"><figure class=\"swiper-slide-inner\"><img decoding=\"async\" class=\"swiper-slide-image\" src=\"https:\/\/myvisualstudio.hu\/wp-content\/uploads\/2026\/01\/EMPATHY.SHORTFILM.STILL010-768x432.jpg\" alt=\"EMPATHY.SHORTFILM.STILL010\" \/><\/figure><\/div><div class=\"swiper-slide\" role=\"group\" aria-roledescription=\"slide\" aria-label=\"11 of 19\" data-no-translation-aria-label=\"\"><figure class=\"swiper-slide-inner\"><img decoding=\"async\" class=\"swiper-slide-image\" src=\"https:\/\/myvisualstudio.hu\/wp-content\/uploads\/2026\/01\/EMPATHY.SHORTFILM.STILL011-768x432.jpg\" alt=\"EMPATHY.SHORTFILM.STILL011\" \/><\/figure><\/div><div class=\"swiper-slide\" role=\"group\" aria-roledescription=\"slide\" aria-label=\"12 of 19\" data-no-translation-aria-label=\"\"><figure class=\"swiper-slide-inner\"><img decoding=\"async\" class=\"swiper-slide-image\" src=\"https:\/\/myvisualstudio.hu\/wp-content\/uploads\/2026\/01\/EMPATHY.SHORTFILM.STILL012-768x432.jpg\" alt=\"EMPATHY.SHORTFILM.STILL012\" \/><\/figure><\/div><div class=\"swiper-slide\" role=\"group\" aria-roledescription=\"slide\" aria-label=\"13 of 19\" data-no-translation-aria-label=\"\"><figure class=\"swiper-slide-inner\"><img decoding=\"async\" class=\"swiper-slide-image\" src=\"https:\/\/myvisualstudio.hu\/wp-content\/uploads\/2026\/01\/EMPATHY.SHORTFILM.STILL013-768x432.jpg\" alt=\"EMPATHY.SHORTFILM.STILL013\" \/><\/figure><\/div><div class=\"swiper-slide\" role=\"group\" aria-roledescription=\"slide\" aria-label=\"14 of 19\" data-no-translation-aria-label=\"\"><figure class=\"swiper-slide-inner\"><img decoding=\"async\" class=\"swiper-slide-image\" src=\"https:\/\/myvisualstudio.hu\/wp-content\/uploads\/2026\/01\/EMPATHY.SHORTFILM.STILL014-768x432.jpg\" alt=\"EMPATHY.SHORTFILM.STILL014\" \/><\/figure><\/div><div class=\"swiper-slide\" role=\"group\" aria-roledescription=\"slide\" aria-label=\"15 of 19\" data-no-translation-aria-label=\"\"><figure class=\"swiper-slide-inner\"><img decoding=\"async\" class=\"swiper-slide-image\" src=\"https:\/\/myvisualstudio.hu\/wp-content\/uploads\/2026\/01\/EMPATHY.SHORTFILM.STILL015-768x432.jpg\" alt=\"EMPATHY.SHORTFILM.STILL015\" \/><\/figure><\/div><div class=\"swiper-slide\" role=\"group\" aria-roledescription=\"slide\" aria-label=\"16 of 19\" data-no-translation-aria-label=\"\"><figure class=\"swiper-slide-inner\"><img decoding=\"async\" class=\"swiper-slide-image\" src=\"https:\/\/myvisualstudio.hu\/wp-content\/uploads\/2026\/01\/EMPATHY.SHORTFILM.STILL016-768x432.jpg\" alt=\"EMPATHY.SHORTFILM.STILL016\" \/><\/figure><\/div><div class=\"swiper-slide\" role=\"group\" aria-roledescription=\"slide\" aria-label=\"17 of 19\" data-no-translation-aria-label=\"\"><figure class=\"swiper-slide-inner\"><img decoding=\"async\" class=\"swiper-slide-image\" src=\"https:\/\/myvisualstudio.hu\/wp-content\/uploads\/2026\/01\/EMPATHY.SHORTFILM.STILL017-768x432.jpg\" alt=\"EMPATHY.SHORTFILM.STILL017\" \/><\/figure><\/div><div class=\"swiper-slide\" role=\"group\" aria-roledescription=\"slide\" aria-label=\"18 of 19\" data-no-translation-aria-label=\"\"><figure class=\"swiper-slide-inner\"><img decoding=\"async\" class=\"swiper-slide-image\" src=\"https:\/\/myvisualstudio.hu\/wp-content\/uploads\/2026\/01\/EMPATHY.SHORTFILM.STILL018-768x432.jpg\" alt=\"EMPATHY.SHORTFILM.STILL018\" \/><\/figure><\/div><div class=\"swiper-slide\" role=\"group\" aria-roledescription=\"slide\" aria-label=\"19 of 19\" data-no-translation-aria-label=\"\"><figure class=\"swiper-slide-inner\"><img decoding=\"async\" class=\"swiper-slide-image\" src=\"https:\/\/myvisualstudio.hu\/wp-content\/uploads\/2026\/01\/EMPATHY.SHORTFILM.STILL019-768x432.jpg\" alt=\"EMPATHY.SHORTFILM.STILL019\" \/><\/figure><\/div>\t\t\t<\/div>\n\t\t\t\t\t\t\t\t\t\t\t\t<div class=\"elementor-swiper-button elementor-swiper-button-prev\" role=\"button\" tabindex=\"0\">\n\t\t\t\t\t\t<svg aria-hidden=\"true\" class=\"e-font-icon-svg e-eicon-chevron-left\" viewbox=\"0 0 1000 1000\" xmlns=\"http:\/\/www.w3.org\/2000\/svg\"><path d=\"M646 125C629 125 613 133 604 142L308 442C296 454 292 471 292 487 292 504 296 521 308 533L604 854C617 867 629 875 646 875 663 875 679 871 692 858 704 846 713 829 713 812 713 796 708 779 692 767L438 487 692 225C700 217 708 204 708 187 708 171 704 154 692 142 675 129 663 125 646 125Z\"><\/path><\/svg>\t\t\t\t\t<\/div>\n\t\t\t\t\t<div class=\"elementor-swiper-button elementor-swiper-button-next\" role=\"button\" tabindex=\"0\">\n\t\t\t\t\t\t<svg aria-hidden=\"true\" class=\"e-font-icon-svg e-eicon-chevron-right\" viewbox=\"0 0 1000 1000\" xmlns=\"http:\/\/www.w3.org\/2000\/svg\"><path d=\"M696 533C708 521 713 504 713 487 713 471 708 454 696 446L400 146C388 133 375 125 354 125 338 125 325 129 313 142 300 154 292 171 292 187 292 204 296 221 308 233L563 492 304 771C292 783 288 800 288 817 288 833 296 850 308 863 321 871 338 875 354 875 371 875 388 867 400 854L696 533Z\"><\/path><\/svg>\t\t\t\t\t<\/div>\n\t\t\t\t\n\t\t\t\t\t\t\t\t\t<div class=\"swiper-pagination\"><\/div>\n\t\t\t\t\t\t\t\t\t<\/div>\n\t\t\t\t\t\t<\/div>\n\t\t\t\t\t<\/div>\n\t\t\t\t<\/div>\n\t\t\t\t<\/div>","protected":false},"excerpt":{"rendered":"<p>Lecs\u00f3 Lej\u00e1tsz\u00e1s LECS\u00d3 (2020) 13 Min Dr\u00e1ma, Short A LECS\u00d3 c\u00edm\u0171 kisfilm egy kerekessz\u00e9kbe k\u00e9nyszer\u00fcl\u0151 fiatal sportol\u00f3r\u00f3l sz\u00f3l\u00f3 t\u00f6rt\u00e9net, amely a fogyat\u00e9kkal \u00e9l\u0151k mindennapi neh\u00e9zs\u00e9geit mutatja be. A kisfilm 12 elismer\u00e9st kapott t\u00f6bbek k\u00f6z\u00f6tt olyan kisebb nemzetk\u00f6zi fesztiv\u00e1lokon, mint a Los Angeles Independent Shorts Awards, a London Flicks Festival, az American Golden Picture \u00e9s a [&hellip;]<\/p>","protected":false},"author":1,"featured_media":0,"parent":0,"menu_order":0,"comment_status":"closed","ping_status":"closed","template":"elementor_header_footer","meta":{"slim_seo":{"title":"LECS\u00d3 - MyVisual Studio","description":"Lecs\u00f3 Lej\u00e1tsz\u00e1s LECS\u00d3 (2020) 13 Min Dr\u00e1ma, Short A LECS\u00d3 c\u00edm\u0171 kisfilm egy kerekessz\u00e9kbe k\u00e9nyszer\u00fcl\u0151 fiatal sportol\u00f3r\u00f3l sz\u00f3l\u00f3 t\u00f6rt\u00e9net, amely a fogyat\u00e9kkal \u00e9l\u0151k"},"footnotes":""},"class_list":["post-1766","page","type-page","status-publish","hentry"],"_links":{"self":[{"href":"https:\/\/myvisualstudio.hu\/en\/wp-json\/wp\/v2\/pages\/1766","targetHints":{"allow":["GET"]}}],"collection":[{"href":"https:\/\/myvisualstudio.hu\/en\/wp-json\/wp\/v2\/pages"}],"about":[{"href":"https:\/\/myvisualstudio.hu\/en\/wp-json\/wp\/v2\/types\/page"}],"author":[{"embeddable":true,"href":"https:\/\/myvisualstudio.hu\/en\/wp-json\/wp\/v2\/users\/1"}],"replies":[{"embeddable":true,"href":"https:\/\/myvisualstudio.hu\/en\/wp-json\/wp\/v2\/comments?post=1766"}],"version-history":[{"count":16,"href":"https:\/\/myvisualstudio.hu\/en\/wp-json\/wp\/v2\/pages\/1766\/revisions"}],"predecessor-version":[{"id":1907,"href":"https:\/\/myvisualstudio.hu\/en\/wp-json\/wp\/v2\/pages\/1766\/revisions\/1907"}],"wp:attachment":[{"href":"https:\/\/myvisualstudio.hu\/en\/wp-json\/wp\/v2\/media?parent=1766"}],"curies":[{"name":"wp","href":"https:\/\/api.w.org\/{rel}","templated":true}]}}